{"id":55146,"date":"2019-08-21T14:10:34","date_gmt":"2019-08-21T14:10:34","guid":{"rendered":"https:\/\/www.pmc.ca\/?page_id=55146"},"modified":"2021-06-22T18:24:35","modified_gmt":"2021-06-22T18:24:35","slug":"obtenez-une-analyse-gratuite-de-votre-agilite","status":"publish","type":"page","link":"https:\/\/www.pmc.ca\/fr\/obtenez-une-analyse-gratuite-de-votre-agilite\/","title":{"rendered":"Obtenez une analyse gratuite de votre m\u00e9thode Agile"},"content":{"rendered":"<p>[vc_row bg_type=\u00a0\u00bbbg_color\u00a0\u00bb][vc_column width=\u00a0\u00bb2\/3&Prime;][vc_column_text css=\u00a0\u00bb.vc_custom_1566395191642{margin-bottom: 30px !important;}\u00a0\u00bb]<\/p>\n<div class=\"page\" title=\"Page 4\">\n<div class=\"section\">\n<div class=\"layoutArea\">\n<div class=\"column\">\n<div class=\"page\" title=\"Page 4\">\n<div class=\"section\">\n<div class=\"layoutArea\">\n<div class=\"column\">\n<div class=\"page\" title=\"Page 4\">\n<div class=\"section\">\n<div class=\"layoutArea\">\n<div class=\"column\">\n<h2><b>Nos experts analysent gratuitement votre situation<\/b><\/h2>\n<\/div>\n<\/div>\n<\/div>\n<\/div>\n<\/div>\n<\/div>\n<\/div>\n<\/div>\n<\/div>\n<\/div>\n<\/div>\n<\/div>\n<p>[\/vc_column_text][vc_column_text]<\/p>\n<div class=\"page\" title=\"Page 4\">\n<div class=\"section\">\n<div class=\"layoutArea\">\n<div class=\"column\">\n<div class=\"page\" title=\"Page 4\">\n<div class=\"section\">\n<div class=\"layoutArea\">\n<div class=\"column\">\n<ul>\n<li style=\"font-weight: 400;\"><span style=\"font-weight: 400;\">Mesure de niveau d\u2019Agilit\u00e9 de votre organisation<\/span><\/li>\n<li style=\"font-weight: 400;\"><span style=\"font-weight: 400;\">\u00c9valuation de vos points forts et de vos faiblesses<\/span><\/li>\n<li style=\"font-weight: 400;\"><span style=\"font-weight: 400;\">Recommandations pour am\u00e9liorer votre performance<\/span><\/li>\n<li style=\"font-weight: 400;\"><span style=\"font-weight: 400;\">Au besoin, discutez avec un de nos experts<\/span><\/li>\n<\/ul>\n<\/div>\n<\/div>\n<\/div>\n<\/div>\n<\/div>\n<\/div>\n<\/div>\n<\/div>\n<p>[\/vc_column_text]<style type=\"text\/css\" data-type=\"the7_shortcodes-inline-css\">#default-btn-1:not(:hover) {\n  background: #0d76a6 !important;\n  color: #ffffff;\n  -webkit-text-fill-color: #ffffff;\n}\n#default-btn-1:not(:hover) * {\n  color: #ffffff;\n  -webkit-text-fill-color: #ffffff;\n}\n.btn-3d #default-btn-1:not(:hover) {\n  border-bottom-color: #144961;\n}\n#default-btn-1:hover {\n  background: #fb9a27 !important;\n  color: #ffffff;\n  -webkit-text-fill-color: #ffffff;\n}\n#default-btn-1:hover * {\n  color: #ffffff;\n  -webkit-text-fill-color: #ffffff;\n}\n.btn-3d #default-btn-1:hover {\n  border-bottom-color: #ca7a1b;\n}\n#default-btn-2:not(:hover) {\n  background: #ffffff !important;\n  color: #0d76a6;\n  -webkit-text-fill-color: #0d76a6;\n}\n#default-btn-2:not(:hover) * {\n  color: #0d76a6;\n  -webkit-text-fill-color: #0d76a6;\n}\n.btn-3d #default-btn-2:not(:hover) {\n  border-bottom-color: #e0e0e0;\n}\n#default-btn-2:hover {\n  background: #fb9a27 !important;\n  color: #ffffff;\n  -webkit-text-fill-color: #ffffff;\n}\n#default-btn-2:hover * {\n  color: #ffffff;\n  -webkit-text-fill-color: #ffffff;\n}\n.btn-3d #default-btn-2:hover {\n  border-bottom-color: #ca7a1b;\n}\n<\/style><div class=\"btn-align-left\"><a href=\"https:\/\/www.pmc.ca\/fr\/analysez-votre-agilite\/\" class=\"default-btn-shortcode dt-btn dt-btn-m  vc_custom_1567534200915\" id=\"default-btn-1\"><span>D\u00e9buter le questionnaire<\/span><\/a><\/div>[\/vc_column][vc_column width=\u00a0\u00bb1\/3&Prime; css=\u00a0\u00bb.vc_custom_1566409459711{margin-top: -130px !important;padding-top: 30px !important;padding-bottom: 30px !important;background-color: #ededed !important;}\u00a0\u00bb el_class=\u00a0\u00bbstep-block\u00a0\u00bb][vc_row_inner css=\u00a0\u00bb.vc_custom_1566410647550{padding-bottom: 15px !important;}\u00a0\u00bb][vc_column_inner width=\u00a0\u00bb1\/4&Prime;][vc_icon icon_fontawesome=\u00a0\u00bbfa fa-file-text-o\u00a0\u00bb][\/vc_column_inner][vc_column_inner width=\u00a0\u00bb3\/4&Prime;][vc_column_text]<\/p>\n<div class=\"page\" title=\"Page 4\">\n<div class=\"section\">\n<div class=\"layoutArea\">\n<div class=\"column\">\n<h2><span style=\"color: #f79315;\">\u00c9tape 1<\/span><\/h2>\n<\/div>\n<\/div>\n<\/div>\n<\/div>\n<p>[\/vc_column_text][vc_column_text]<\/p>\n<div class=\"page\" title=\"Page 4\">\n<div class=\"section\">\n<div class=\"layoutArea\">\n<div class=\"column\">\n<div class=\"page\" title=\"Page 4\">\n<div class=\"section\">\n<div class=\"layoutArea\">\n<div class=\"column\">\n<p><span style=\"font-weight: 400;\">Remplissez le questionnaire<br \/>\n(<strong>environ 10 minutes<\/strong>).<\/span><\/p>\n<\/div>\n<\/div>\n<\/div>\n<\/div>\n<\/div>\n<\/div>\n<\/div>\n<\/div>\n<p>[\/vc_column_text][\/vc_column_inner][\/vc_row_inner][vc_row_inner css=\u00a0\u00bb.vc_custom_1566416060346{padding-top: 15px !important;padding-bottom: 15px !important;}\u00a0\u00bb][vc_column_inner width=\u00a0\u00bb1\/4&Prime;][vc_icon icon_fontawesome=\u00a0\u00bbfa fa-commenting-o\u00a0\u00bb][\/vc_column_inner][vc_column_inner width=\u00a0\u00bb3\/4&Prime;][vc_column_text]<\/p>\n<div class=\"page\" title=\"Page 4\">\n<div class=\"section\">\n<div class=\"layoutArea\">\n<div class=\"column\">\n<h2><span style=\"color: #f79315;\">\u00c9tape 2<\/span><\/h2>\n<\/div>\n<\/div>\n<\/div>\n<\/div>\n<p>[\/vc_column_text][vc_column_text]<\/p>\n<div class=\"page\" title=\"Page 4\">\n<div class=\"section\">\n<div class=\"layoutArea\">\n<div class=\"column\">\n<div class=\"page\" title=\"Page 4\">\n<div class=\"section\">\n<div class=\"layoutArea\">\n<div class=\"column\">\n<div class=\"page\" title=\"Page 4\">\n<div class=\"section\">\n<div class=\"layoutArea\">\n<div class=\"column\">\n<p><span style=\"font-weight: 400;\">Recevez notre analyse et nos recommandations <\/span><b>personnalis\u00e9es<\/b>\u00a0dans les 2 \u00e0 5 jours ouvrables<\/p>\n<\/div>\n<\/div>\n<\/div>\n<\/div>\n<\/div>\n<\/div>\n<\/div>\n<\/div>\n<\/div>\n<\/div>\n<\/div>\n<\/div>\n<p>[\/vc_column_text][\/vc_column_inner][\/vc_row_inner][vc_row_inner css=\u00a0\u00bb.vc_custom_1566410664582{padding-top: 15px !important;padding-bottom: 15px !important;}\u00a0\u00bb][vc_column_inner width=\u00a0\u00bb1\/4&Prime;][vc_icon icon_fontawesome=\u00a0\u00bbfa fa-bar-chart\u00a0\u00bb][\/vc_column_inner][vc_column_inner width=\u00a0\u00bb3\/4&Prime;][vc_column_text]<\/p>\n<div class=\"page\" title=\"Page 4\">\n<div class=\"section\">\n<div class=\"layoutArea\">\n<div class=\"column\">\n<h2><span style=\"color: #f79315;\">\u00c9tape 3<\/span><\/h2>\n<\/div>\n<\/div>\n<\/div>\n<\/div>\n<p>[\/vc_column_text][vc_column_text]<\/p>\n<div class=\"page\" title=\"Page 4\">\n<div class=\"section\">\n<div class=\"layoutArea\">\n<div class=\"column\">\n<div class=\"page\" title=\"Page 4\">\n<div class=\"section\">\n<div class=\"layoutArea\">\n<div class=\"column\">\n<div class=\"page\" title=\"Page 4\">\n<div class=\"section\">\n<div class=\"layoutArea\">\n<div class=\"column\">\n<div class=\"page\" title=\"Page 4\">\n<div class=\"section\">\n<div class=\"layoutArea\">\n<div class=\"column\">\n<p><span style=\"font-weight: 400; line-height: 25px;\">Maximisez la <\/span><b>performance<\/b><span style=\"font-weight: 400;\"> de votre entreprise!<\/span><\/p>\n<\/div>\n<\/div>\n<\/div>\n<\/div>\n<\/div>\n<\/div>\n<\/div>\n<\/div>\n<\/div>\n<\/div>\n<\/div>\n<\/div>\n<\/div>\n<\/div>\n<\/div>\n<\/div>\n<p>[\/vc_column_text][\/vc_column_inner][\/vc_row_inner][\/vc_column][\/vc_row][vc_row full_width=\u00a0\u00bbstretch_row\u00a0\u00bb bg_type=\u00a0\u00bbbg_color\u00a0\u00bb css=\u00a0\u00bb.vc_custom_1566336769339{margin-top: 80px !important;border-bottom-width: 80px !important;padding-top: 50px !important;padding-bottom: 50px !important;}\u00a0\u00bb bg_color_value=\u00a0\u00bb#ededed\u00a0\u00bb][vc_column][vc_column_text css=\u00a0\u00bb.vc_custom_1566395318285{margin-bottom: 30px !important;}\u00a0\u00bb]<\/p>\n<div class=\"page\" title=\"Page 4\">\n<div class=\"section\">\n<div class=\"layoutArea\">\n<div class=\"column\">\n<div class=\"page\" title=\"Page 4\">\n<div class=\"section\">\n<div class=\"layoutArea\">\n<div class=\"column\">\n<h2 style=\"text-align: center;\">Optimisez la livraison de vos projets<\/h2>\n<\/div>\n<\/div>\n<\/div>\n<\/div>\n<\/div>\n<\/div>\n<\/div>\n<\/div>\n<p>[\/vc_column_text][vc_column_text]<\/p>\n<div class=\"page\" title=\"Page 4\">\n<div class=\"section\">\n<div class=\"layoutArea\">\n<div class=\"column\">\n<h4 style=\"text-align: center;\"><span style=\"color: #0d76a7;\"><strong>Une entreprise Lean-Agile livre des projets \u00e0 ses clients dans le d\u00e9lai le plus court et durable, en tirant parti des valeurs, principes, pratiques et comp\u00e9tences Agile \u00e9prouv\u00e9es.<\/strong><\/span><\/h4>\n<p style=\"text-align: center;\">Une entreprise Lean-Agile comporte g\u00e9n\u00e9ralement 5 comp\u00e9tences fondamentales (chacune sera d\u00e9finie dans le sondage):<\/p>\n<p style=\"text-align: center;\"><strong>1. <em>Leadership Lean-Agile<\/em><\/strong><br \/>\n<strong>2. \u00c9quipe et Agilit\u00e9 technique<\/strong><br \/>\n<strong>3. Les <em>DevOps<\/em> et <em>Release on Demand<\/em><\/strong><br \/>\n<strong>4. Solutions d\u2019affaires et ing\u00e9nierie de syst\u00e8mes <em>Lean<\/em><\/strong><br \/>\n<strong>5. Gestion de portefeuilles <em>Lean<\/em><\/strong><\/p>\n<\/div>\n<\/div>\n<\/div>\n<\/div>\n<p>[\/vc_column_text][\/vc_column][\/vc_row][vc_row full_width=\u00a0\u00bbstretch_row\u00a0\u00bb bg_type=\u00a0\u00bbgrad\u00a0\u00bb css=\u00a0\u00bb.vc_custom_1566410869668{padding-top: 80px !important;padding-bottom: 80px !important;}\u00a0\u00bb bg_grad=\u00a0\u00bbbackground: -webkit-gradient(linear, left top, left bottom, color-stop(0%, #0D76A6), color-stop(100%, #11A0C0));background: -moz-linear-gradient(left,#0D76A6 0%,#11A0C0 100%);background: -webkit-linear-gradient(left,#0D76A6 0%,#11A0C0 100%);background: -o-linear-gradient(left,#0D76A6 0%,#11A0C0 100%);background: -ms-linear-gradient(left,#0D76A6 0%,#11A0C0 100%);background: linear-gradient(left,#0D76A6 0%,#11A0C0 100%);\u00a0\u00bb][vc_column][vc_column_text]<\/p>\n<div class=\"page\" title=\"Page 4\">\n<div class=\"section\">\n<div class=\"layoutArea\">\n<div class=\"column\">\n<div class=\"page\" title=\"Page 4\">\n<div class=\"section\">\n<div class=\"layoutArea\">\n<div class=\"column\">\n<div class=\"page\" title=\"Page 4\">\n<div class=\"section\">\n<div class=\"layoutArea\">\n<div class=\"column\">\n<h2 style=\"text-align: center;\"><span style=\"color: #ffffff;\">Votre entreprise est-elle vraiment Agile?<\/span><\/h2>\n<\/div>\n<\/div>\n<\/div>\n<\/div>\n<\/div>\n<\/div>\n<\/div>\n<\/div>\n<\/div>\n<\/div>\n<\/div>\n<\/div>\n<p>[\/vc_column_text][vc_column_text css=\u00a0\u00bb.vc_custom_1566396435618{margin-top: 30px !important;}\u00a0\u00bb]<\/p>\n<div class=\"page\" title=\"Page 4\">\n<div class=\"section\">\n<div class=\"layoutArea\">\n<div class=\"column\">\n<div class=\"page\" title=\"Page 4\">\n<div class=\"section\">\n<div class=\"layoutArea\">\n<div class=\"column\">\n<p style=\"text-align: center;\"><span style=\"color: #ffffff;\"><span style=\"font-weight: 400;\">Gr\u00e2ce \u00e0 ce court questionnaire, nous pourrons \u00e9valuer vos connaissances et comportements cl\u00e9s li\u00e9s aux cinq piliers du <\/span><b>contexte Agile<\/b><span style=\"font-weight: 400;\">. Nous dresserons ensuite un portrait <\/span><b>sur mesure<\/b><span style=\"font-weight: 400;\"> de votre situation actuelle d\u2019entreprise et vous offrirons <\/span><b>gratuitement<\/b><span style=\"font-weight: 400;\"> un plan d\u2019action pour am\u00e9liorer vos performances!<\/span><\/span><\/p>\n<\/div>\n<\/div>\n<\/div>\n<\/div>\n<\/div>\n<\/div>\n<\/div>\n<\/div>\n<p>[\/vc_column_text]<div class=\"btn-align-center\"><a href=\"https:\/\/www.pmc.ca\/fr\/analysez-votre-agilite\/\" class=\"default-btn-shortcode dt-btn dt-btn-m  vc_custom_1567534213690\" id=\"default-btn-2\"><span>D\u00e9buter le questionnaire<\/span><\/a><\/div>[\/vc_column][\/vc_row]<\/p>\n","protected":false},"excerpt":{"rendered":"<p>[vc_row bg_type=\u00a0\u00bbbg_color\u00a0\u00bb][vc_column width=\u00a0\u00bb2\/3&Prime;][vc_column_text css=\u00a0\u00bb.vc_custom_1566395191642{margin-bottom: 30px !important;}\u00a0\u00bb] Nos experts analysent gratuitement votre situation [\/vc_column_text][vc_column_text] Mesure de niveau d\u2019Agilit\u00e9 de votre organisation \u00c9valuation de vos points forts et de vos faiblesses Recommandations pour am\u00e9liorer votre performance Au besoin, discutez avec un de nos experts [\/vc_column_text][\/vc_column][vc_column width=\u00a0\u00bb1\/3&Prime; css=\u00a0\u00bb.vc_custom_1566409459711{margin-top: -130px !important;padding-top: 30px !important;padding-bottom: 30px !important;background-color: #ededed !important;}\u00a0\u00bb el_class=\u00a0\u00bbstep-block\u00a0\u00bb][vc_row_inner css=\u00a0\u00bb.vc_custom_1566410647550{padding-bottom:&hellip;<\/p>\n","protected":false},"author":1,"featured_media":0,"parent":0,"menu_order":1,"comment_status":"closed","ping_status":"closed","template":"","meta":[],"class_list":["post-55146","page","type-page","status-publish","hentry","description-off"],"_links":{"self":[{"href":"https:\/\/www.pmc.ca\/fr\/wp-json\/wp\/v2\/pages\/55146","targetHints":{"allow":["GET"]}}],"collection":[{"href":"https:\/\/www.pmc.ca\/fr\/wp-json\/wp\/v2\/pages"}],"about":[{"href":"https:\/\/www.pmc.ca\/fr\/wp-json\/wp\/v2\/types\/page"}],"author":[{"embeddable":true,"href":"https:\/\/www.pmc.ca\/fr\/wp-json\/wp\/v2\/users\/1"}],"replies":[{"embeddable":true,"href":"https:\/\/www.pmc.ca\/fr\/wp-json\/wp\/v2\/comments?post=55146"}],"version-history":[{"count":27,"href":"https:\/\/www.pmc.ca\/fr\/wp-json\/wp\/v2\/pages\/55146\/revisions"}],"predecessor-version":[{"id":55403,"href":"https:\/\/www.pmc.ca\/fr\/wp-json\/wp\/v2\/pages\/55146\/revisions\/55403"}],"wp:attachment":[{"href":"https:\/\/www.pmc.ca\/fr\/wp-json\/wp\/v2\/media?parent=55146"}],"curies":[{"name":"wp","href":"https:\/\/api.w.org\/{rel}","templated":true}]}}