{"id":53700,"date":"2018-07-17T14:37:20","date_gmt":"2018-07-17T14:37:20","guid":{"rendered":"https:\/\/www.pmc.ca\/carriere\/"},"modified":"2018-09-11T17:54:56","modified_gmt":"2018-09-11T17:54:56","slug":"carriere","status":"publish","type":"page","link":"https:\/\/www.pmc.ca\/fr\/carriere\/","title":{"rendered":"Travaillez avec nous"},"content":{"rendered":"<p>[vc_row][vc_column][vc_empty_space height=\u00a0\u00bb60px\u00a0\u00bb][\/vc_column][\/vc_row][vc_row][vc_column]<div id=\"ultimate-heading-772469e5a39a0d5ab\" class=\"uvc-heading ult-adjust-bottom-margin ultimate-heading-772469e5a39a0d5ab uvc-422 accent-title-color\" data-hspacer=\"no_spacer\"  data-halign=\"center\" style=\"text-align:center\"><div class=\"uvc-heading-spacer no_spacer\" style=\"top\"><\/div><div class=\"uvc-main-heading ult-responsive\"  data-ultimate-target='.uvc-heading.ultimate-heading-772469e5a39a0d5ab h1'  data-responsive-json-new='{\"font-size\":\"\",\"line-height\":\"\"}' ><h1 style=\"font-weight:normal;\">Postes disponibles<\/h1><\/div><\/div>[\/vc_column][\/vc_row][vc_row][vc_column][vc_empty_space height=\u00a0\u00bb60px\u00a0\u00bb][\/vc_column][\/vc_row][vc_row type=\u00a0\u00bbvc_default\u00a0\u00bb margin_bottom=\u00a0\u00bb80&Prime; css=\u00a0\u00bb.vc_custom_1527767417213{padding-top: 20px !important;padding-right: 6% !important;padding-bottom: 20px !important;padding-left: 6% !important;background-color: #f7f7f7 !important;border-radius: 35px !important;}\u00a0\u00bb][vc_column][vc_row_inner][vc_column_inner]<div id=\"ultimate-heading-850069e5a39a0d5fe\" class=\"uvc-heading ult-adjust-bottom-margin ultimate-heading-850069e5a39a0d5fe uvc-2680 color-title\" data-hspacer=\"no_spacer\"  data-halign=\"left\" style=\"text-align:left\"><div class=\"uvc-heading-spacer no_spacer\" style=\"top\"><\/div><div class=\"uvc-main-heading ult-responsive\"  data-ultimate-target='.uvc-heading.ultimate-heading-850069e5a39a0d5fe h2'  data-responsive-json-new='{\"font-size\":\"desktop:26px;\",\"line-height\":\"desktop:36px;\"}' ><h2 style=\"font-weight:bold;margin-bottom:25px;\">Coach et professionnel en gestion Agile<\/h2><\/div><div class=\"uvc-sub-heading ult-responsive\"  data-ultimate-target='.uvc-heading.ultimate-heading-850069e5a39a0d5fe .uvc-sub-heading '  data-responsive-json-new='{\"font-size\":\"desktop:18px;\",\"line-height\":\"desktop:28px;\"}'  style=\"font-weight:bold;\">Coach et professionnel\u00a0en gestion Agile<\/div><\/div>[\/vc_column_inner][\/vc_row_inner][vc_tour interval=\u00a0\u00bb0&Prime; title_size=\u00a0\u00bbh6&Prime; style=\u00a0\u00bbtab-style-three\u00a0\u00bb][vc_tab title=\u00a0\u00bbDescription du poste\u00a0\u00bb tab_id=\u00a0\u00bb1527767242939-0-4&Prime;][vc_column_text]<span style=\"font-weight: 400;\">Les professionnels en gestion et accompagnateurs Agiles de PMC sont responsables de la formation et du coaching de membres d&rsquo;\u00e9quipe sur les m\u00e9thodologies Agile telles que Scrum, SAFe, Kanban et Lean. Ils travaillent g\u00e9n\u00e9ralement en \u00e9troite collaboration avec les \u00e9quipes et la direction sur l\u2019adoption de l&rsquo;approche Agile, simplifiant les ateliers et rendant compte des am\u00e9liorations de la productivit\u00e9. Le coach et professionnel en gestion Agile accompagne les entreprises tout au long de leur transition vers un syst\u00e8me de gestion de projet Agile.\u00a0<\/span>[\/vc_column_text][\/vc_tab][vc_tab title=\u00a0\u00bbResponsabilit\u00e9s\u00a0\u00bb tab_id=\u00a0\u00bb1527767243990-0-6&Prime;][vc_column_text]<\/p>\n<ul>\n<li><b><span style=\"font-weight: 400;\">Accompagnement : travailler avec des \u00e9quipes pour \u00e9tablir, pratiquer et adopter des outils et techniques Agiles. Identifier les opportunit\u00e9s d&rsquo;am\u00e9lioration pour les pr\u00e9senter aux \u00e9quipes gr\u00e2ce \u00e0 l\u2019encadrement et aux questions. \u00a0<\/span><\/b><\/li>\n<li><span style=\"font-weight: 400;\">Mentorat : servir de mentor aux Scrum Masters, responsables de produits et autres leaders Agiles dans le but de rendre les techniques Agiles plus performantes et efficaces.<\/span><\/li>\n<li style=\"font-weight: 400;\"><span style=\"font-weight: 400;\">Formation : offrir une formation Agile personnalis\u00e9e (en groupe ou individuelle) \u00e0 la direction, aux membres de l\u2019\u00e9quipe, aux responsables de produits et aux Scrum Masters. \u00a0<\/span><\/li>\n<\/ul>\n<p>[\/vc_column_text][\/vc_tab][vc_tab title=\u00a0\u00bbComp\u00e9tences et exigences\u00a0\u00bb tab_id=\u00a0\u00bb1527767244099-0-1&Prime;][vc_column_text]<\/p>\n<ul>\n<li><b><span style=\"font-weight: 400;\">\u00catre licenci\u00e9 d&rsquo;une universit\u00e9 reconnue ou d\u00e9tenir une combinaison suffisante d&rsquo;\u00e9ducation formelle, de formation et\/ou d&rsquo;exp\u00e9rience\u00a0<\/span><\/b><\/li>\n<li>D\u00e9tenir de cinq \u00e0 dix ans d&rsquo;exp\u00e9rience dans un r\u00f4le de gestionnaire de projet<\/li>\n<li>Certification PMP ou \u00e9quivalente<\/li>\n<li>Compr\u00e9hension des strat\u00e9gies PMP et des strat\u00e9gies en investissement et priorisation de projet<\/li>\n<li>Exp\u00e9rience dans la conception, la planification et l&rsquo;ex\u00e9cution de projets complexes et mutlipartites<\/li>\n<li>Habilet\u00e9 \u00e0 g\u00e9rer des \u00e9quipes et des groupes de travail de tous niveaux<\/li>\n<li>Habilet\u00e9 \u00e0 g\u00e9rer des projets techniques du d\u00e9but \u00e0 la fin avec peu de soutien technique<\/li>\n<li>Habilet\u00e9 \u00e0 analyser et \u00e9valuer des probl\u00e8mes complexes, soulever des questions importantes et recommander des mesures correctives<\/li>\n<li>Beaucoup de pers\u00e9v\u00e9rance pour finir les t\u00e2ches dans les d\u00e9lais donn\u00e9s<\/li>\n<li>Solides comp\u00e9tences en communication \u00e9crite et verbale, y compris en pr\u00e9sentation et vulgarisation<\/li>\n<li>Bilingue un atout<\/li>\n<\/ul>\n<p>[\/vc_column_text][\/vc_tab][\/vc_tour][\/vc_column][\/vc_row][vc_row][vc_column][vc_empty_space][\/vc_column][\/vc_row][vc_row type=\u00a0\u00bbvc_default\u00a0\u00bb margin_bottom=\u00a0\u00bb80&Prime; css=\u00a0\u00bb.vc_custom_1527767417213{padding-top: 20px !important;padding-right: 6% !important;padding-bottom: 20px !important;padding-left: 6% !important;background-color: #f7f7f7 !important;border-radius: 35px !important;}\u00a0\u00bb][vc_column][vc_row_inner][vc_column_inner]<div id=\"ultimate-heading-82569e5a39a0d645\" class=\"uvc-heading ult-adjust-bottom-margin ultimate-heading-82569e5a39a0d645 uvc-5636 color-title\" data-hspacer=\"no_spacer\"  data-halign=\"left\" style=\"text-align:left\"><div class=\"uvc-heading-spacer no_spacer\" style=\"top\"><\/div><div class=\"uvc-main-heading ult-responsive\"  data-ultimate-target='.uvc-heading.ultimate-heading-82569e5a39a0d645 h2'  data-responsive-json-new='{\"font-size\":\"desktop:26px;\",\"line-height\":\"desktop:36px;\"}' ><h2 style=\"font-weight:bold;margin-bottom:25px;\">Gestionnaire de projet<\/h2><\/div><\/div>[\/vc_column_inner][\/vc_row_inner][vc_tour interval=\u00a0\u00bb0&Prime; title_size=\u00a0\u00bbh6&Prime; style=\u00a0\u00bbtab-style-three\u00a0\u00bb][vc_tab title=\u00a0\u00bbDescription du poste\u00a0\u00bb tab_id=\u00a0\u00bb1527767242939-0-4&Prime;][vc_column_text]<span style=\"font-weight: 400;\">Les gestionnaires de projet PMC rel\u00e8vent d\u2019un gestionnaire de compte PMC et travaillent directement avec le PMO du client et\/ou les gestionnaires de projet et de programme afin d\u2019assurer le succ\u00e8s des projets. Ce poste appuie la gestion d\u2019un projet ou d\u2019un programme et comprend la gestion des \u00e9quipes dans l\u2019ex\u00e9cution de leurs livrables, ainsi que la participation \u00e0 la planification et \u00e0 l\u2019ex\u00e9cution des projets. \u00a0<\/span>[\/vc_column_text][\/vc_tab][vc_tab title=\u00a0\u00bbResponsabilit\u00e9s\u00a0\u00bb tab_id=\u00a0\u00bb1527767243990-0-6&Prime;][vc_column_text]<\/p>\n<ul>\n<li><b><span style=\"font-weight: 400;\">Planification : \u00e9tablir et d\u00e9finir clairement les exigences et la port\u00e9e du projet, d\u00e9finir des \u00e9ch\u00e9anciers d\u00e9taill\u00e9s de haut niveau, d\u00e9terminer les besoins en ressources et en budget, identifier et planifier en vue des risques potentiels et \u00e9tablir un plan global de gestion de projet.<\/span><\/b><\/li>\n<li><span style=\"font-weight: 400;\">Surveillance et contr\u00f4le : fournir des rapports d&rsquo;\u00e9tat, assurer la conformit\u00e9 de l&rsquo;ex\u00e9cution aux plans de gestion de projet, et identifier les actions correctives potentielles et les changements requis.<\/span><\/li>\n<li style=\"font-weight: 400;\"><span style=\"font-weight: 400;\">Communication : communiquer avec les clients, la direction, les cadres, les fournisseurs et les autres parties prenantes. Diriger et tenir des r\u00e9unions-bilan avec l&rsquo;\u00e9quipe. <\/span><\/li>\n<\/ul>\n<p>[\/vc_column_text][\/vc_tab][vc_tab title=\u00a0\u00bbComp\u00e9tences et exigences\u00a0\u00bb tab_id=\u00a0\u00bb1527767244099-0-1&Prime;][vc_column_text]<\/p>\n<ul>\n<li style=\"font-weight: 400;\"><span style=\"font-weight: 400;\">Dipl\u00f4m\u00e9 d&rsquo;une universit\u00e9 reconnue, ou avoir une combinaison acceptable d&rsquo;\u00e9ducation, de formation et\/ou d&rsquo;exp\u00e9rience<\/span><\/li>\n<li style=\"font-weight: 400;\"><span style=\"font-weight: 400;\">Plus de 5-10 ann\u00e9es d&rsquo;exp\u00e9rience dans un r\u00f4le de PM <\/span><\/li>\n<li style=\"font-weight: 400;\"><span style=\"font-weight: 400;\">Certification PMP ou \u00e9quivalent <\/span><\/li>\n<li style=\"font-weight: 400;\"><span style=\"font-weight: 400;\">Compr\u00e9hension des strat\u00e9gies de PPM et des strat\u00e9gies d&rsquo;investissement et de priorisation des projets<\/span><\/li>\n<li style=\"font-weight: 400;\"><span style=\"font-weight: 400;\">Exp\u00e9rience dans la conception, la planification et l&rsquo;ex\u00e9cution de projets complexes et multi-intervenants<\/span><\/li>\n<li style=\"font-weight: 400;\"><span style=\"font-weight: 400;\">Capacit\u00e9 de diriger les \u00e9quipes de projet et les groupes de travail \u00e0 tous les niveaux<\/span><\/li>\n<li style=\"font-weight: 400;\"><span style=\"font-weight: 400;\">Capacit\u00e9 de diriger des projets techniques du d\u00e9but \u00e0 la fin avec un minimum de soutien technique<\/span><\/li>\n<li style=\"font-weight: 400;\"><span style=\"font-weight: 400;\">Capacit\u00e9 d&rsquo;analyser et d&rsquo;\u00e9valuer des probl\u00e8mes complexes, d&rsquo;identifier les questions pertinentes et de recommander des mesures correctives<\/span><\/li>\n<li style=\"font-weight: 400;\"><span style=\"font-weight: 400;\">Degr\u00e9 \u00e9lev\u00e9 de t\u00e9nacit\u00e9 et de pers\u00e9v\u00e9rance pour accomplir les t\u00e2ches dans les d\u00e9lais<\/span><\/li>\n<li style=\"font-weight: 400;\"><span style=\"font-weight: 400;\">Excellentes aptitudes \u00e0 la communication orale et \u00e9crite, y compris la pr\u00e9sentation et les habilet\u00e9s de facilitation<\/span><\/li>\n<li style=\"font-weight: 400;\"><span style=\"font-weight: 400;\">Le bilinguisme est consid\u00e9r\u00e9 comme un atout<\/span><\/li>\n<\/ul>\n<p>[\/vc_column_text][\/vc_tab][\/vc_tour][\/vc_column][\/vc_row][vc_row][vc_column][vc_empty_space][\/vc_column][\/vc_row][vc_row type=\u00a0\u00bbvc_default\u00a0\u00bb margin_bottom=\u00a0\u00bb80&Prime; css=\u00a0\u00bb.vc_custom_1527767417213{padding-top: 20px !important;padding-right: 6% !important;padding-bottom: 20px !important;padding-left: 6% !important;background-color: #f7f7f7 !important;border-radius: 35px !important;}\u00a0\u00bb][vc_column][vc_row_inner][vc_column_inner]<div id=\"ultimate-heading-232369e5a39a0d687\" class=\"uvc-heading ult-adjust-bottom-margin ultimate-heading-232369e5a39a0d687 uvc-4704 color-title\" data-hspacer=\"no_spacer\"  data-halign=\"left\" style=\"text-align:left\"><div class=\"uvc-heading-spacer no_spacer\" style=\"top\"><\/div><div class=\"uvc-main-heading ult-responsive\"  data-ultimate-target='.uvc-heading.ultimate-heading-232369e5a39a0d687 h2'  data-responsive-json-new='{\"font-size\":\"desktop:26px;\",\"line-height\":\"desktop:36px;\"}' ><h2 style=\"font-weight:bold;margin-bottom:25px;\">Agent de contr\u00f4le de projet et planificateur <\/h2><\/div><\/div>[\/vc_column_inner][\/vc_row_inner][vc_tour interval=\u00a0\u00bb0&Prime; title_size=\u00a0\u00bbh6&Prime; style=\u00a0\u00bbtab-style-three\u00a0\u00bb][vc_tab title=\u00a0\u00bbDescription du poste\u00a0\u00bb tab_id=\u00a0\u00bb1527767242939-0-4&Prime;][vc_column_text]<span style=\"font-weight: 400;\">Les agents de contr\u00f4le de projet et les planificateurs de PMC rel\u00e8vent d\u2019un gestionnaire de compte PMC et travaillent directement avec le PMO du client et\/ou les gestionnaires de projet et de programme pour faciliter la r\u00e9alisation des r\u00e9sultats du projet. Ce poste soutient les gestionnaires de projet dans l\u2019ach\u00e8vement et la maintenance de leurs livrables de gestion de projet, en particulier en ce qui concerne la port\u00e9e, le calendrier et la performance budg\u00e9taire. <\/span>[\/vc_column_text][\/vc_tab][vc_tab title=\u00a0\u00bbResponsabilit\u00e9s\u00a0\u00bb tab_id=\u00a0\u00bb1527767243990-0-6&Prime;][vc_column_text]<\/p>\n<ul>\n<li><b><span style=\"font-weight: 400;\">Planification : \u00c9tablir des calendriers de projet d\u00e9taill\u00e9s \u00e0 l\u2019aide des m\u00e9thodes Critical Path ou Critical Chain, d\u00e9terminer les budgets \u00e0 l\u2019\u00e9chelle du temps, cr\u00e9er et maintenir les lignes de base du projet. <\/span><\/b><\/li>\n<\/ul>\n<ul>\n<li><span style=\"font-weight: 400;\">Surveillance et contr\u00f4le : \u00a0G\u00e9rer les rapports d\u2019\u00e9tat, assurer la conformit\u00e9 des rapports par les membres de l\u2019\u00e9quipe, valider les donn\u00e9es sur les performances du travail, pr\u00e9parer les rapports d\u2019\u00e9tat du projet. Pr\u00e9parer les ordres du jour et coordonner les r\u00e9unions d\u2019\u00e9tat.<\/span><\/li>\n<\/ul>\n<p>&nbsp;<\/p>\n<p>[\/vc_column_text][\/vc_tab][vc_tab title=\u00a0\u00bbComp\u00e9tences et exigences\u00a0\u00bb tab_id=\u00a0\u00bb1527767244099-0-1&Prime;][vc_column_text]<\/p>\n<ul>\n<li style=\"font-weight: 400;\"><span style=\"font-weight: 400;\">Dipl\u00f4m\u00e9 d&rsquo;une \u00e9cole technique, d\u2019un coll\u00e8ge ou d\u2019une universit\u00e9 reconnu, ou avoir une combinaison satisfaisante d&rsquo;\u00e9ducation formelle, de formation et\/ou d&rsquo;exp\u00e9rience<\/span><\/li>\n<li style=\"font-weight: 400;\"><span style=\"font-weight: 400;\">Plus de deux \u00e0 cinq ans d\u2019exp\u00e9rience dans un r\u00f4le similaire<\/span><\/li>\n<li style=\"font-weight: 400;\"><span style=\"font-weight: 400;\">Certification CAPM ou PMP ou \u00e9quivalent<\/span><\/li>\n<li style=\"font-weight: 400;\"><span style=\"font-weight: 400;\">Excellentes aptitudes analytiques<\/span><\/li>\n<li style=\"font-weight: 400;\"><span style=\"font-weight: 400;\">Capacit\u00e9 d&rsquo;analyser et d&rsquo;\u00e9valuer des probl\u00e8mes complexes, de soulever des questions importantes et de recommander des mesures correctives<\/span><\/li>\n<li style=\"font-weight: 400;\"><span style=\"font-weight: 400;\">Degr\u00e9 \u00e9lev\u00e9 de t\u00e9nacit\u00e9 et de pers\u00e9v\u00e9rance pour accomplir les t\u00e2ches dans les d\u00e9lais<\/span><\/li>\n<li style=\"font-weight: 400;\"><span style=\"font-weight: 400;\">Excellentes aptitudes \u00e0 la communication orale et \u00e9crite, y compris en pr\u00e9sentation et vulgarisation<\/span><\/li>\n<li style=\"font-weight: 400;\"><span style=\"font-weight: 400;\">Exp\u00e9rience avec Oracle Primavera P6 ou Microsoft Project<\/span><\/li>\n<li style=\"font-weight: 400;\"><span style=\"font-weight: 400;\">Le bilinguisme est consid\u00e9r\u00e9 comme un atout<\/span><\/li>\n<\/ul>\n<p>[\/vc_column_text][\/vc_tab][\/vc_tour][\/vc_column][\/vc_row][vc_row bg_type=\u00a0\u00bbbg_color\u00a0\u00bb css=\u00a0\u00bb.vc_custom_1531772130907{background-color: #ffffff !important;}\u00a0\u00bb bg_color_value=\u00a0\u00bb#ffffff\u00a0\u00bb][vc_column css=\u00a0\u00bb.vc_custom_1531772156014{background-color: #ffffff !important;}\u00a0\u00bb][vc_empty_space height=\u00a0\u00bb90px\u00a0\u00bb][\/vc_column][\/vc_row][vc_row full_width=\u00a0\u00bbstretch_row\u00a0\u00bb disable_element=\u00a0\u00bbyes\u00a0\u00bb bg_type=\u00a0\u00bbbg_color\u00a0\u00bb bg_color_value=\u00a0\u00bb#f4f4f4&Prime; css=\u00a0\u00bb.vc_custom_1531766469668{padding-bottom: 60px !important;}\u00a0\u00bb][vc_column width=\u00a0\u00bb1\/6&Prime;][\/vc_column][vc_column width=\u00a0\u00bb2\/3&Prime;]<div id=\"ultimate-heading-315669e5a39a0d6ea\" class=\"uvc-heading ult-adjust-bottom-margin ultimate-heading-315669e5a39a0d6ea uvc-5988 accent-border-color\" data-hspacer=\"line_only\"  data-halign=\"center\" style=\"text-align:center\"><div class=\"uvc-main-heading ult-responsive\"  data-ultimate-target='.uvc-heading.ultimate-heading-315669e5a39a0d6ea h2'  data-responsive-json-new='{\"font-size\":\"desktop:22px;\",\"line-height\":\"desktop:32px;\"}' ><h2 style=\"font-weight:bold;margin-bottom:7px;\">Appliquez maintenant!<\/h2><\/div><div class=\"uvc-heading-spacer line_only\" style=\"margin-bottom:40px;height:3px;\"><span class=\"uvc-headings-line\" style=\"border-style:solid;border-bottom-width:3px;border-color:#ccc;width:70px;\"><\/span><\/div><\/div><form class=\"contact-form dt-form\" action=\"\/\" method=\"post\">\n<input type=\"hidden\" name=\"widget_id\" value=\"presscore-contact-form-widget--1\" \/><input type=\"hidden\" name=\"send_message\" value=\"\" \/><div class=\"form-fields\"><span class=\"form-name\"><label class=\"assistive-text\">Nom *<\/label><input type=\"text\" class=\"validate[required]\" placeholder=\"Nom *\" name=\"name\" value=\"\" aria-required=\"true\">\n<\/span><span class=\"form-mail\"><label class=\"assistive-text\">E-mail *<\/label><input type=\"text\" class=\"validate[required,custom[email]]\" placeholder=\"E-mail *\" name=\"email\" value=\"\" aria-required=\"true\">\n<\/span><span class=\"form-telephone\"><label class=\"assistive-text\">T\u00e9l\u00e9phone<\/label><input type=\"text\" placeholder=\"T\u00e9l\u00e9phone\" name=\"telephone\" value=\"\" aria-required=\"false\">\n<\/span><\/div><span class=\"form-message\"><label class=\"assistive-text\">Message<\/label><textarea placeholder=\"Message\" name=\"message\" rows=\"5\" aria-required=\"false\"><\/textarea>\n<\/span><p><a href=\"#\" class=\"dt-btn dt-btn-m dt-btn-submit\" rel=\"nofollow\"><span>Send message<\/span><\/a><input class=\"assistive-text\" type=\"submit\" value=\"envoyer\"><\/p><\/form>\n[\/vc_column][vc_column width=\u00a0\u00bb1\/6&Prime;][\/vc_column][\/vc_row][vc_row full_width=\u00a0\u00bbstretch_row_content\u00a0\u00bb equal_height=\u00a0\u00bbyes\u00a0\u00bb disable_element=\u00a0\u00bbyes\u00a0\u00bb bg_type=\u00a0\u00bbgrad\u00a0\u00bb type=\u00a0\u00bbvc_default\u00a0\u00bb css=\u00a0\u00bb.vc_custom_1531766477949{padding-top: 30px !important;}\u00a0\u00bb bg_grad=\u00a0\u00bbbackground: -webkit-gradient(linear, left top, left bottom, color-stop(0%, #1C2D68), color-stop(2%, #003D76), color-stop(60%, #0D76A6));background: -moz-linear-gradient(60deg,#1C2D68 0%,#003D76 2%,#0D76A6 60%);background: -webkit-linear-gradient(60deg,#1C2D68 0%,#003D76 2%,#0D76A6 60%);background: -o-linear-gradient(60deg,#1C2D68 0%,#003D76 2%,#0D76A6 60%);background: -ms-linear-gradient(60deg,#1C2D68 0%,#003D76 2%,#0D76A6 60%);background: linear-gradient(60deg,#1C2D68 0%,#003D76 2%,#0D76A6 60%);\u00a0\u00bb][vc_column offset=\u00a0\u00bbvc_col-lg-offset-3 vc_col-lg-6 vc_col-md-offset-0 vc_col-md-12&Prime; css=\u00a0\u00bb.vc_custom_1527753660834{padding-top: 60px !important;padding-bottom: 80px !important;}\u00a0\u00bb]<div id=\"ultimate-heading-482869e5a39a0e09a\" class=\"uvc-heading ult-adjust-bottom-margin ultimate-heading-482869e5a39a0e09a uvc-8702 \" data-hspacer=\"no_spacer\"  data-halign=\"center\" style=\"text-align:center\"><div class=\"uvc-heading-spacer no_spacer\" style=\"top\"><\/div><div class=\"uvc-main-heading ult-responsive\"  data-ultimate-target='.uvc-heading.ultimate-heading-482869e5a39a0e09a h2'  data-responsive-json-new='{\"font-size\":\"desktop:46px;mobile_landscape:30px;\",\"line-height\":\"desktop:56px;mobile_landscape:40px;\"}' ><h2 style=\"font-weight:bold;color:#ffffff;margin-bottom:40px;\">Contactez-nous d\u00e8s maintenant <\/h2><\/div><\/div><style type=\"text\/css\" data-type=\"the7_shortcodes-inline-css\">#default-btn-1:not(:hover) {\n  background: #ffffff !important;\n  color: #0d76a6;\n  -webkit-text-fill-color: #0d76a6;\n}\n#default-btn-1:not(:hover) * {\n  color: #0d76a6;\n  -webkit-text-fill-color: #0d76a6;\n}\n.btn-3d #default-btn-1:not(:hover) {\n  border-bottom-color: #e0e0e0;\n}\n#default-btn-1:hover {\n  background: #1c2d68 !important;\n  color: #ffffff;\n  -webkit-text-fill-color: #ffffff;\n}\n#default-btn-1:hover * {\n  color: #ffffff;\n  -webkit-text-fill-color: #ffffff;\n}\n.btn-3d #default-btn-1:hover {\n  border-bottom-color: #161c31;\n}\n<\/style><div class=\"btn-align-center\"><a href=\"http:\/\/the7.io\/main\/pages\/contact\/\" class=\"default-btn-shortcode dt-btn dt-btn-l \" id=\"default-btn-1\"><span>CONTACT US<\/span><\/a><\/div>[\/vc_column][\/vc_row]<\/p>\n","protected":false},"excerpt":{"rendered":"<p>[vc_row][vc_column][vc_empty_space height=\u00a0\u00bb60px\u00a0\u00bb][\/vc_column][\/vc_row][vc_row][vc_column][\/vc_column][\/vc_row][vc_row][vc_column][vc_empty_space height=\u00a0\u00bb60px\u00a0\u00bb][\/vc_column][\/vc_row][vc_row type=\u00a0\u00bbvc_default\u00a0\u00bb margin_bottom=\u00a0\u00bb80&Prime; css=\u00a0\u00bb.vc_custom_1527767417213{padding-top: 20px !important;padding-right: 6% !important;padding-bottom: 20px !important;padding-left: 6% !important;background-color: #f7f7f7 !important;border-radius: 35px !important;}\u00a0\u00bb][vc_column][vc_row_inner][vc_column_inner][\/vc_column_inner][\/vc_row_inner][vc_tour interval=\u00a0\u00bb0&Prime; title_size=\u00a0\u00bbh6&Prime; style=\u00a0\u00bbtab-style-three\u00a0\u00bb][vc_tab title=\u00a0\u00bbDescription du poste\u00a0\u00bb tab_id=\u00a0\u00bb1527767242939-0-4&Prime;][vc_column_text]Les professionnels en gestion et accompagnateurs Agiles de PMC sont responsables de la formation et du coaching de membres d&rsquo;\u00e9quipe sur les m\u00e9thodologies Agile telles que Scrum, SAFe, Kanban et Lean.&hellip;<\/p>\n","protected":false},"author":1,"featured_media":0,"parent":0,"menu_order":10,"comment_status":"closed","ping_status":"closed","template":"","meta":[],"class_list":["post-53700","page","type-page","status-publish","hentry","description-off"],"_links":{"self":[{"href":"https:\/\/www.pmc.ca\/fr\/wp-json\/wp\/v2\/pages\/53700","targetHints":{"allow":["GET"]}}],"collection":[{"href":"https:\/\/www.pmc.ca\/fr\/wp-json\/wp\/v2\/pages"}],"about":[{"href":"https:\/\/www.pmc.ca\/fr\/wp-json\/wp\/v2\/types\/page"}],"author":[{"embeddable":true,"href":"https:\/\/www.pmc.ca\/fr\/wp-json\/wp\/v2\/users\/1"}],"replies":[{"embeddable":true,"href":"https:\/\/www.pmc.ca\/fr\/wp-json\/wp\/v2\/comments?post=53700"}],"version-history":[{"count":9,"href":"https:\/\/www.pmc.ca\/fr\/wp-json\/wp\/v2\/pages\/53700\/revisions"}],"predecessor-version":[{"id":54191,"href":"https:\/\/www.pmc.ca\/fr\/wp-json\/wp\/v2\/pages\/53700\/revisions\/54191"}],"wp:attachment":[{"href":"https:\/\/www.pmc.ca\/fr\/wp-json\/wp\/v2\/media?parent=53700"}],"curies":[{"name":"wp","href":"https:\/\/api.w.org\/{rel}","templated":true}]}}