{"id":53578,"date":"2018-07-10T20:51:37","date_gmt":"2018-07-10T20:51:37","guid":{"rendered":"https:\/\/www.pmc.ca\/services-en-gestion-de-projet\/"},"modified":"2022-10-20T18:15:43","modified_gmt":"2022-10-20T18:15:43","slug":"services-en-gestion-de-projet","status":"publish","type":"page","link":"https:\/\/www.pmc.ca\/fr\/services-en-gestion-de-projet\/","title":{"rendered":"Recrutement professionnel"},"content":{"rendered":"<p>[vc_row][vc_column][vc_empty_space height=\u00a0\u00bb90px\u00a0\u00bb][\/vc_column][\/vc_row][vc_row equal_height=\u00a0\u00bbyes\u00a0\u00bb content_placement=\u00a0\u00bbtop\u00a0\u00bb margin_top=\u00a0\u00bb5&Prime; margin_bottom=\u00a0\u00bb10&Prime; type=\u00a0\u00bbvc_default\u00a0\u00bb][vc_column width=\u00a0\u00bb1\/3&Prime; offset=\u00a0\u00bbvc_col-lg-6 vc_col-md-6 vc_col-xs-12&Prime;]<div id=\"ultimate-heading-79569e5a3a111717\" class=\"uvc-heading ult-adjust-bottom-margin ultimate-heading-79569e5a3a111717 uvc-9753 color-title\" data-hspacer=\"no_spacer\"  data-halign=\"left\" style=\"text-align:left\"><div class=\"uvc-heading-spacer no_spacer\" style=\"top\"><\/div><div class=\"uvc-main-heading ult-responsive\"  data-ultimate-target='.uvc-heading.ultimate-heading-79569e5a3a111717 h2'  data-responsive-json-new='{\"font-size\":\"desktop:26px;\",\"line-height\":\"desktop:36px;\"}' ><h2 style=\"font-weight:bold;margin-bottom:25px;\">Nous avons la capacit\u00e9 de fournir aux organisations des services de gestion de projet sur une base contractuelle ou par abonnement<\/h2><\/div><div class=\"uvc-sub-heading ult-responsive\"  data-ultimate-target='.uvc-heading.ultimate-heading-79569e5a3a111717 .uvc-sub-heading '  data-responsive-json-new='{\"font-size\":\"desktop:18px;\",\"line-height\":\"desktop:28px;\"}'  style=\"font-weight:bold;\">Les avantages de retenir les services de nos praticiens et coaches agiles , gestionnaire de projets, planificateur et contr\u00f4leur de projets sont les suivants:<\/div><\/div>[vc_empty_space]<div class=\"standard-arrow bullet-top\"><ul>\n<li>\u00c9vitez l\u2019embauche de personnel \u00e0 temps plein\u00a0; nous offrons la flexibilit\u00e9 d&rsquo;un service d&rsquo;assistance \u00e0 temps complet ou partiel.<\/li>\n<li>\u00c9vitez d&rsquo;investir dans la formation; nos sp\u00e9cialistes sont hautement qualifi\u00e9s et nous veillerons \u00e0 ce qu&rsquo;ils connaissent votre m\u00e9thodologie ou votre secteur.<\/li>\n<li>L&rsquo;\u00e9volutivit\u00e9; vous ne recrutez pas qu&rsquo;une seule personne; vous acc\u00e9dez \u00e0 l&rsquo;ensemble de notre r\u00e9seau d&rsquo;experts.<\/li>\n<li>Tirez profit de plus de 20 ann\u00e9es d\u2019exp\u00e9rience dans le recrutement de ressources en gestion de projet.<\/li>\n<\/ul>\n<\/div>[\/vc_column][vc_column width=\u00a0\u00bb1\/3&Prime; offset=\u00a0\u00bbvc_col-lg-6 vc_col-md-6 vc_col-xs-12&Prime; css=\u00a0\u00bb.vc_custom_1666289502896{padding-top: 90px !important;background-position: center !important;background-repeat: no-repeat !important;background-size: cover !important;}\u00a0\u00bb][vc_single_image image=\u00a0\u00bb53404&Prime; img_size=\u00a0\u00bbfull\u00a0\u00bb alignment=\u00a0\u00bbcenter\u00a0\u00bb css=\u00a0\u00bb.vc_custom_1535726867255{padding-right: 20px !important;padding-left: 20px !important;}\u00a0\u00bb][vc_empty_space height=\u00a0\u00bb30px\u00a0\u00bb]<style type=\"text\/css\" data-type=\"the7_shortcodes-inline-css\">#default-btn-2:not(:hover) {\n  background: #ffffff !important;\n  color: #0d76a6;\n  -webkit-text-fill-color: #0d76a6;\n}\n#default-btn-2:not(:hover) * {\n  color: #0d76a6;\n  -webkit-text-fill-color: #0d76a6;\n}\n.btn-3d #default-btn-2:not(:hover) {\n  border-bottom-color: #e0e0e0;\n}\n#default-btn-2:hover {\n  background: #1c2d68 !important;\n  color: #ffffff;\n  -webkit-text-fill-color: #ffffff;\n}\n#default-btn-2:hover * {\n  color: #ffffff;\n  -webkit-text-fill-color: #ffffff;\n}\n.btn-3d #default-btn-2:hover {\n  border-bottom-color: #161c31;\n}\n<\/style><div class=\"btn-align-center\"><a href=\"https:\/\/www.pmc.ca\/fr\/nous-joindre\/\" class=\"default-btn-shortcode dt-btn dt-btn-m \" id=\"default-btn-1\"><span>J&rsquo;AI UN POSTE \u00c0 COMBLER<\/span><\/a><\/div>[\/vc_column][\/vc_row][vc_row][vc_column][vc_empty_space height=\u00a0\u00bb45px\u00a0\u00bb][\/vc_column][\/vc_row][vc_row full_width=\u00a0\u00bbstretch_row\u00a0\u00bb equal_height=\u00a0\u00bbyes\u00a0\u00bb bg_type=\u00a0\u00bbbg_color\u00a0\u00bb css=\u00a0\u00bb.vc_custom_1666289718569{padding-top: 55px !important;padding-bottom: 70px !important;background-color: #f4f4f4 !important;}\u00a0\u00bb bg_color_value=\u00a0\u00bb#f4f4f4&Prime;][vc_column][vc_empty_space height=\u00a0\u00bb45px\u00a0\u00bb]<div id=\"ultimate-heading-944069e5a3a111db3\" class=\"uvc-heading ult-adjust-bottom-margin ultimate-heading-944069e5a3a111db3 uvc-6332 color-title\" data-hspacer=\"no_spacer\"  data-halign=\"center\" style=\"text-align:center\"><div class=\"uvc-heading-spacer no_spacer\" style=\"top\"><\/div><div class=\"uvc-sub-heading ult-responsive\"  data-ultimate-target='.uvc-heading.ultimate-heading-944069e5a3a111db3 .uvc-sub-heading '  data-responsive-json-new='{\"font-size\":\"desktop:18px;\",\"line-height\":\"desktop:28px;\"}'  style=\"font-weight:bold;margin-bottom:25px;\">Vous trouverez ci-dessous les responsabilit\u00e9s et les t\u00e2ches types pouvant \u00eatre effectu\u00e9es par nos ressources plac\u00e9es:<\/div><\/div>[vc_row_inner][vc_column_inner width=\u00a0\u00bb1\/3&Prime;]<div class=\"standard-arrow bullet-top\"><h3>Praticien et coach Agile<\/h3>\n<ul>\n<li><strong>Accompagnement:<\/strong>\u00a0Travailler avec des \u00e9quipes pour \u00e9tablir, pratiquer et adopter des outils et techniques Agiles. Identifier les opportunit\u00e9s d&rsquo;am\u00e9lioration pour les pr\u00e9senter aux \u00e9quipes gr\u00e2ce \u00e0 l&rsquo;encadrement et aux questions.<\/li>\n<li><strong>Mentorat:<\/strong>\u00a0Servir de mentor aux Scrum Masters, responsables de produits et autres leaders Agiles dans le but de rendre les techniques Agiles plus performantes et efficaces.<\/li>\n<li><strong>Formation:<\/strong>\u00a0Offrir une formation Agile personnalis\u00e9e (en groupe ou individuelle) \u00e0 la direction, aux membres de l&rsquo;\u00e9quipe, aux responsables de produits et aux Scrum Masters.<\/li>\n<\/ul>\n<\/div>[\/vc_column_inner][vc_column_inner width=\u00a0\u00bb1\/3&Prime;]<div class=\"standard-arrow bullet-top\"><h3>Gestionnaire de projets<\/h3>\n<ul>\n<li><strong>Planification:<\/strong>\u00a0\u00c9tablir et d\u00e9finir clairement les exigences et la port\u00e9e du projet, d\u00e9finir des \u00e9ch\u00e9anciers d\u00e9taill\u00e9s de haut niveau, d\u00e9terminer les besoins en ressources et en budget, identifier et planifier en vue des risques potentiels et \u00e9tablir un plan global de gestion de projet.<\/li>\n<li><strong>Surveillance et contr\u00f4le:<\/strong>\u00a0Fournir des rapports d&rsquo;\u00e9tat, assurer la conformit\u00e9 de l\u2019ex\u00e9cution aux plans de gestion de projet, et identifier les actions correctives potentielles et les changements requis.<\/li>\n<li><strong>Communication:<\/strong>\u00a0Communiquer avec les clients, la direction, les cadres, les fournisseurs et les autres parties prenantes. Diriger et tenir des r\u00e9unions-bilan avec l&rsquo;\u00e9quipe.<\/li>\n<\/ul>\n<\/div>[\/vc_column_inner][vc_column_inner width=\u00a0\u00bb1\/3&Prime;]<div class=\"standard-arrow bullet-top\"><h3>Planificateur et contr\u00f4leur de projet (PCO)<\/h3>\n<ul>\n<li><strong>Planification:<\/strong>\u00a0\u00c9tablir des calendriers de projet d\u00e9taill\u00e9s \u00e0 l&rsquo;aide des m\u00e9thodes Critical Path ou Critical Chain, d\u00e9terminer les budgets \u00e0 l&rsquo;\u00e9chelle du temps, cr\u00e9er et maintenir les lignes de base du projet.<\/li>\n<li><strong>Surveillance et contr\u00f4le:<\/strong>\u00a0G\u00e9rer les rapports d&rsquo;\u00e9tat, assurer la conformit\u00e9 des rapports par les membres de l&rsquo;\u00e9quipe, valider les donn\u00e9es sur les performances du travail, pr\u00e9parer les rapports d&rsquo;\u00e9tat du projet. Pr\u00e9parer les ordres du jour et coordonner les r\u00e9unions d&rsquo;\u00e9tat.<\/li>\n<\/ul>\n<\/div>[\/vc_column_inner][\/vc_row_inner][vc_empty_space height=\u00a0\u00bb45px\u00a0\u00bb][\/vc_column][\/vc_row][vc_row full_width=\u00a0\u00bbstretch_row_content\u00a0\u00bb equal_height=\u00a0\u00bbyes\u00a0\u00bb bg_type=\u00a0\u00bbgrad\u00a0\u00bb type=\u00a0\u00bbvc_default\u00a0\u00bb css=\u00a0\u00bb.vc_custom_1528394186241{padding-top: 30px !important;}\u00a0\u00bb bg_grad=\u00a0\u00bbbackground: -webkit-gradient(linear, left top, left bottom, color-stop(0%, #1C2D68), color-stop(2%, #003D76), color-stop(60%, #0D76A6));background: -moz-linear-gradient(60deg,#1C2D68 0%,#003D76 2%,#0D76A6 60%);background: -webkit-linear-gradient(60deg,#1C2D68 0%,#003D76 2%,#0D76A6 60%);background: -o-linear-gradient(60deg,#1C2D68 0%,#003D76 2%,#0D76A6 60%);background: -ms-linear-gradient(60deg,#1C2D68 0%,#003D76 2%,#0D76A6 60%);background: linear-gradient(60deg,#1C2D68 0%,#003D76 2%,#0D76A6 60%);\u00a0\u00bb][vc_column offset=\u00a0\u00bbvc_col-lg-offset-3 vc_col-lg-6 vc_col-md-offset-0 vc_col-md-12&Prime; css=\u00a0\u00bb.vc_custom_1527753660834{padding-top: 60px !important;padding-bottom: 80px !important;}\u00a0\u00bb]<div id=\"ultimate-heading-374569e5a3a111f44\" class=\"uvc-heading ult-adjust-bottom-margin ultimate-heading-374569e5a3a111f44 uvc-5137 \" data-hspacer=\"no_spacer\"  data-halign=\"center\" style=\"text-align:center\"><div class=\"uvc-heading-spacer no_spacer\" style=\"top\"><\/div><div class=\"uvc-main-heading ult-responsive\"  data-ultimate-target='.uvc-heading.ultimate-heading-374569e5a3a111f44 h2'  data-responsive-json-new='{\"font-size\":\"desktop:32px;mobile_landscape:30px;\",\"line-height\":\"desktop:40px;mobile_landscape:40px;\"}' ><h2 style=\"font-weight:bold;color:#ffffff;margin-bottom:40px;\">Pour en savoir plus sur nos services et comment nous pourrions vous aider \u00e0 am\u00e9liorer vos projets<\/h2><\/div><\/div><div class=\"btn-align-center\"><a href=\"https:\/\/www.pmc.ca\/fr\/nous-joindre\/\" class=\"default-btn-shortcode dt-btn dt-btn-l \" id=\"default-btn-2\"><span>Contactez-nous<\/span><\/a><\/div>[\/vc_column][\/vc_row]<\/p>\n","protected":false},"excerpt":{"rendered":"<p>[vc_row][vc_column][vc_empty_space height=\u00a0\u00bb90px\u00a0\u00bb][\/vc_column][\/vc_row][vc_row equal_height=\u00a0\u00bbyes\u00a0\u00bb content_placement=\u00a0\u00bbtop\u00a0\u00bb margin_top=\u00a0\u00bb5&Prime; margin_bottom=\u00a0\u00bb10&Prime; type=\u00a0\u00bbvc_default\u00a0\u00bb][vc_column width=\u00a0\u00bb1\/3&Prime; offset=\u00a0\u00bbvc_col-lg-6 vc_col-md-6 vc_col-xs-12&Prime;][vc_empty_space][\/vc_column][vc_column width=\u00a0\u00bb1\/3&Prime; offset=\u00a0\u00bbvc_col-lg-6 vc_col-md-6 vc_col-xs-12&Prime; css=\u00a0\u00bb.vc_custom_1666289502896{padding-top: 90px !important;background-position: center !important;background-repeat: no-repeat !important;background-size: cover !important;}\u00a0\u00bb][vc_single_image image=\u00a0\u00bb53404&Prime; img_size=\u00a0\u00bbfull\u00a0\u00bb alignment=\u00a0\u00bbcenter\u00a0\u00bb css=\u00a0\u00bb.vc_custom_1535726867255{padding-right: 20px !important;padding-left: 20px !important;}\u00a0\u00bb][vc_empty_space height=\u00a0\u00bb30px\u00a0\u00bb][\/vc_column][\/vc_row][vc_row][vc_column][vc_empty_space height=\u00a0\u00bb45px\u00a0\u00bb][\/vc_column][\/vc_row][vc_row full_width=\u00a0\u00bbstretch_row\u00a0\u00bb equal_height=\u00a0\u00bbyes\u00a0\u00bb bg_type=\u00a0\u00bbbg_color\u00a0\u00bb css=\u00a0\u00bb.vc_custom_1666289718569{padding-top: 55px !important;padding-bottom: 70px !important;background-color: #f4f4f4 !important;}\u00a0\u00bb bg_color_value=\u00a0\u00bb#f4f4f4&Prime;][vc_column][vc_empty_space height=\u00a0\u00bb45px\u00a0\u00bb][vc_row_inner][vc_column_inner width=\u00a0\u00bb1\/3&Prime;][\/vc_column_inner][vc_column_inner width=\u00a0\u00bb1\/3&Prime;][\/vc_column_inner][vc_column_inner width=\u00a0\u00bb1\/3&Prime;][\/vc_column_inner][\/vc_row_inner][vc_empty_space height=\u00a0\u00bb45px\u00a0\u00bb][\/vc_column][\/vc_row][vc_row full_width=\u00a0\u00bbstretch_row_content\u00a0\u00bb equal_height=\u00a0\u00bbyes\u00a0\u00bb bg_type=\u00a0\u00bbgrad\u00a0\u00bb type=\u00a0\u00bbvc_default\u00a0\u00bb css=\u00a0\u00bb.vc_custom_1528394186241{padding-top:&hellip;<\/p>\n","protected":false},"author":1,"featured_media":0,"parent":0,"menu_order":10,"comment_status":"closed","ping_status":"closed","template":"","meta":[],"class_list":["post-53578","page","type-page","status-publish","hentry","description-off"],"_links":{"self":[{"href":"https:\/\/www.pmc.ca\/fr\/wp-json\/wp\/v2\/pages\/53578","targetHints":{"allow":["GET"]}}],"collection":[{"href":"https:\/\/www.pmc.ca\/fr\/wp-json\/wp\/v2\/pages"}],"about":[{"href":"https:\/\/www.pmc.ca\/fr\/wp-json\/wp\/v2\/types\/page"}],"author":[{"embeddable":true,"href":"https:\/\/www.pmc.ca\/fr\/wp-json\/wp\/v2\/users\/1"}],"replies":[{"embeddable":true,"href":"https:\/\/www.pmc.ca\/fr\/wp-json\/wp\/v2\/comments?post=53578"}],"version-history":[{"count":44,"href":"https:\/\/www.pmc.ca\/fr\/wp-json\/wp\/v2\/pages\/53578\/revisions"}],"predecessor-version":[{"id":56610,"href":"https:\/\/www.pmc.ca\/fr\/wp-json\/wp\/v2\/pages\/53578\/revisions\/56610"}],"wp:attachment":[{"href":"https:\/\/www.pmc.ca\/fr\/wp-json\/wp\/v2\/media?parent=53578"}],"curies":[{"name":"wp","href":"https:\/\/api.w.org\/{rel}","templated":true}]}}