{"id":53524,"date":"2018-07-04T15:54:20","date_gmt":"2018-07-04T15:54:20","guid":{"rendered":"https:\/\/www.pmc.ca\/nous-joindre\/"},"modified":"2020-04-03T17:54:39","modified_gmt":"2020-04-03T17:54:39","slug":"nous-joindre","status":"publish","type":"page","link":"https:\/\/www.pmc.ca\/fr\/nous-joindre\/","title":{"rendered":"Nous joindre"},"content":{"rendered":"<p>[vc_row equal_height=\u00a0\u00bbyes\u00a0\u00bb type=\u00a0\u00bbvc_default\u00a0\u00bb css=\u00a0\u00bb.vc_custom_1534261827919{margin-top: 30px !important;padding-bottom: 10px !important;}\u00a0\u00bb][vc_column css=\u00a0\u00bb.vc_custom_1496400228060{margin-right: 25px !important;margin-bottom: 50px !important;margin-left: 25px !important;padding-top: 35px !important;padding-right: 30px !important;padding-bottom: 30px !important;padding-left: 30px !important;background-color: rgba(170,170,170,0.1) !important;*background-color: rgb(170,170,170) !important;}\u00a0\u00bb offset=\u00a0\u00bbvc_col-lg-offset-0 vc_col-lg-6 vc_col-md-offset-0 vc_col-md-6 vc_col-sm-offset-0&Prime;]<div id=\"ultimate-heading-653069ea4587efbd1\" class=\"uvc-heading ult-adjust-bottom-margin ultimate-heading-653069ea4587efbd1 uvc-4164 accent-border-color\" data-hspacer=\"line_only\"  data-halign=\"center\" style=\"text-align:center\"><div class=\"uvc-main-heading ult-responsive\"  data-ultimate-target='.uvc-heading.ultimate-heading-653069ea4587efbd1 h2'  data-responsive-json-new='{\"font-size\":\"desktop:22px;\",\"line-height\":\"desktop:32px;\"}' ><h2 style=\"font-weight:bold;margin-bottom:7px;\">Coordonn\u00e9es<\/h2><\/div><div class=\"uvc-heading-spacer line_only\" style=\"margin-bottom:40px;height:3px;\"><span class=\"uvc-headings-line\" style=\"border-style:solid;border-bottom-width:3px;border-color:#ccc;width:70px;\"><\/span><\/div><\/div><div class=\"aio-icon-component   accent-icon-bg style_1\"><div id=\"Info-box-wrap-5865\" class=\"aio-icon-box left-icon\" style=\"\"  ><div class=\"aio-icon-left\"><div class=\"ult-just-icon-wrapper  \"><div class=\"align-icon\" style=\"text-align:center;\">\n<div class=\"aio-icon advanced \"  style=\"color:#ffffff;background:#ffffff;border-style:;border-color:#333333;border-width:1px;width:30px;height:30px;line-height:30px;border-radius:500px;font-size:16px;display:inline-block;\">\n\t<i class=\"icomoon-icomoonfree-16x16-mobile\"><\/i>\n<\/div><\/div><\/div><\/div><div class=\"aio-ibd-block\"><div class=\"aio-icon-header\" ><h3 class=\"aio-icon-title ult-responsive\"  data-ultimate-target='#Info-box-wrap-5865 .aio-icon-title'  data-responsive-json-new='{\"font-size\":\"desktop:16px;\",\"line-height\":\"desktop:26px;\"}'  style=\"font-weight:bold;\">T\u00e9l\u00e9phone<\/h3><\/div> <!-- header --><div class=\"aio-icon-description ult-responsive\"  data-ultimate-target='#Info-box-wrap-5865 .aio-icon-description'  data-responsive-json-new='{\"font-size\":\"\",\"line-height\":\"\"}'  style=\"\">1 888 746-4470<\/p>\n<p>514 766-7459<\/div> <!-- description --><\/div> <!-- aio-ibd-block --><\/div> <!-- aio-icon-box --><\/div> <!-- aio-icon-component --><div class=\"aio-icon-component   accent-icon-bg style_1\"><div id=\"Info-box-wrap-5982\" class=\"aio-icon-box left-icon\" style=\"\"  ><div class=\"aio-icon-left\"><div class=\"ult-just-icon-wrapper  \"><div class=\"align-icon\" style=\"text-align:center;\">\n<div class=\"aio-icon advanced \"  style=\"color:#ffffff;background:#ffffff;border-style:;border-color:#333333;border-width:1px;width:30px;height:30px;line-height:30px;border-radius:500px;font-size:16px;display:inline-block;\">\n\t<i class=\"Defaults-envelope-o\"><\/i>\n<\/div><\/div><\/div><\/div><div class=\"aio-ibd-block\"><div class=\"aio-icon-header\" ><h3 class=\"aio-icon-title ult-responsive\"  data-ultimate-target='#Info-box-wrap-5982 .aio-icon-title'  data-responsive-json-new='{\"font-size\":\"desktop:16px;\",\"line-height\":\"desktop:26px;\"}'  style=\"font-weight:bold;\">Courriel <\/h3><\/div> <!-- header --><div class=\"aio-icon-description ult-responsive\"  data-ultimate-target='#Info-box-wrap-5982 .aio-icon-description'  data-responsive-json-new='{\"font-size\":\"\",\"line-height\":\"\"}'  style=\"\">sales@pmc.ca<\/div> <!-- description --><\/div> <!-- aio-ibd-block --><\/div> <!-- aio-icon-box --><\/div> <!-- aio-icon-component -->[vc_raw_html]JTNDaWZyYW1lJTIwc3JjJTNEJTIyaHR0cHMlM0ElMkYlMkZ3d3cuZ29vZ2xlLmNvbSUyRm1hcHMlMkZlbWJlZCUzRnBiJTNEJTIxMW0xNCUyMTFtOCUyMTFtMyUyMTFkMTExOTIuMjI2NzY0NjkxNzMlMjEyZC03My41NDQ5OTA4JTIxM2Q0NS40Njg2NjE5JTIxM20yJTIxMWkxMDI0JTIxMmk3NjglMjE0ZjEzLjElMjEzbTMlMjExbTIlMjExczB4MCUyNTNBMHg1YmU0MWRiMmU2NTg5ZDljJTIxMnNQTUMlMjUyMC0lMjUyMFByb2plY3QlMjUyME1hbmFnZW1lbnQlMjUyMENlbnRyZSUyMTVlMCUyMTNtMiUyMTFzZnIlMjEyc2NhJTIxNHYxNTg1OTM2MjAzMTYxJTIxNW0yJTIxMXNmciUyMTJzY2ElMjIlMjB3aWR0aCUzRCUyMjYwMCUyMiUyMGhlaWdodCUzRCUyMjQ1MCUyMiUyMGZyYW1lYm9yZGVyJTNEJTIyMCUyMiUyMHN0eWxlJTNEJTIyYm9yZGVyJTNBMCUzQiUyMiUyMGFsbG93ZnVsbHNjcmVlbiUzRCUyMiUyMiUyMGFyaWEtaGlkZGVuJTNEJTIyZmFsc2UlMjIlMjB0YWJpbmRleCUzRCUyMjAlMjIlM0UlM0MlMkZpZnJhbWUlM0U=[\/vc_raw_html][\/vc_column][vc_column css=\u00a0\u00bb.vc_custom_1534261271449{margin-right: 25px !important;margin-bottom: 50px !important;margin-left: 25px !important;padding-top: 35px !important;padding-right: 30px !important;padding-bottom: 15px !important;padding-left: 30px !important;background-color: rgba(170,170,170,0.1) !important;*background-color: rgb(170,170,170) !important;}\u00a0\u00bb offset=\u00a0\u00bbvc_col-lg-6 vc_col-md-6&Prime;]<div id=\"ultimate-heading-11269ea4587efee2\" class=\"uvc-heading ult-adjust-bottom-margin ultimate-heading-11269ea4587efee2 uvc-5574 accent-border-color\" data-hspacer=\"line_only\"  data-halign=\"center\" style=\"text-align:center\"><div class=\"uvc-main-heading ult-responsive\"  data-ultimate-target='.uvc-heading.ultimate-heading-11269ea4587efee2 h2'  data-responsive-json-new='{\"font-size\":\"desktop:22px;\",\"line-height\":\"desktop:32px;\"}' ><h2 style=\"font-weight:bold;margin-bottom:7px;\">Envoyez-nous un message!<\/h2><\/div><div class=\"uvc-heading-spacer line_only\" style=\"margin-bottom:40px;height:3px;\"><span class=\"uvc-headings-line\" style=\"border-style:solid;border-bottom-width:3px;border-color:#ccc;width:70px;\"><\/span><\/div><\/div>\n                <div class='gf_browser_gecko gform_wrapper' id='gform_wrapper_2' ><a id='gf_2' class='gform_anchor' ><\/a><form method='post' enctype='multipart\/form-data'  id='gform_2'  action='\/fr\/wp-json\/wp\/v2\/pages\/53524#gf_2'> \r\n <input type='hidden' class='gforms-pum' value='{\"closepopup\":false,\"closedelay\":0,\"openpopup\":false,\"openpopup_id\":0}' \/>\n                        <div class='gform_heading'>\n                            <span class='gform_description'>Veuillez remplir le formulaire ci-dessous et un repr\u00e9sentant de PMC vous contactera tr\u00e8s prochainement.<\/span>\n                        <\/div>\n                        <div class='gform_body'><ul id='gform_fields_2' class='gform_fields top_label form_sublabel_below description_below'><li id='field_2_1'  class='gfield gfield_contains_required field_sublabel_below field_description_below gfield_visibility_visible' ><label class='gfield_label' for='input_2_1' >Nom<span class='gfield_required'>*<\/span><\/label><div class='ginput_container ginput_container_text'><input name='input_1' id='input_2_1' type='text' value='' class='large'     aria-required=\"true\" aria-invalid=\"false\" \/><\/div><\/li><li id='field_2_2'  class='gfield gfield_contains_required field_sublabel_below field_description_below gfield_visibility_visible' ><label class='gfield_label' for='input_2_2' >Courriel<span class='gfield_required'>*<\/span><\/label><div class='ginput_container ginput_container_email'>\n                            <input name='input_2' id='input_2_2' type='text' value='' class='large'     aria-required=\"true\" aria-invalid=\"false\"\/>\n                        <\/div><\/li><li id='field_2_5'  class='gfield field_sublabel_below field_description_below gfield_visibility_visible' ><label class='gfield_label' for='input_2_5' >Num\u00e9ro de t\u00e9l\u00e9phone<\/label><div class='ginput_container ginput_container_text'><input name='input_5' id='input_2_5' type='text' value='' class='large'      aria-invalid=\"false\" \/><\/div><\/li><li id='field_2_8'  class='gfield gfield_contains_required field_sublabel_below field_description_below gfield_visibility_visible' ><label class='gfield_label' for='input_2_8' >Quels sont vos besoins?<span class='gfield_required'>*<\/span><\/label><div class='ginput_container ginput_container_select'><select name='input_8' id='input_2_8'  class='large gfield_select'   aria-required=\"true\" aria-invalid=\"false\"><option value='J&#039;ai besoin de services de consultation pour mon organisation' >J&#039;ai besoin de services de consultation pour mon organisation<\/option><option value='J&#039;ai besoin d&#039;une formation en groupe pour mon organisation' >J&#039;ai besoin d&#039;une formation en groupe pour mon organisation<\/option><option value='J&#039;ai besoin de services de coaching et de mentorat' >J&#039;ai besoin de services de coaching et de mentorat<\/option><\/select><\/div><\/li><li id='field_2_4'  class='gfield field_sublabel_below field_description_below gfield_visibility_visible' ><label class='gfield_label' for='input_2_4' >Organisation<\/label><div class='ginput_container ginput_container_text'><input name='input_4' id='input_2_4' type='text' value='' class='large'      aria-invalid=\"false\" \/><\/div><\/li><li id='field_2_3'  class='gfield field_sublabel_below field_description_below gfield_visibility_visible' ><label class='gfield_label' for='input_2_3' >Message<\/label><div class='ginput_container ginput_container_textarea'><textarea name='input_3' id='input_2_3' class='textarea medium'     aria-invalid=\"false\"   rows='10' cols='50'><\/textarea><\/div><\/li><li id='field_2_6'  class='gfield field_sublabel_below field_description_below gfield_visibility_visible' ><label class='gfield_label' for='input_2_6' ><\/label><div id='input_2_6' class='ginput_container ginput_recaptcha' data-sitekey='6LdJ6nUUAAAAAOiBqGVMinbSVjesT88oLy8qgAvs'  data-theme='light' data-tabindex='0'><\/div><\/li><li id='field_2_7'  class='gfield gform_hidden field_sublabel_below field_description_below gfield_visibility_visible' ><input name='input_7' id='input_2_7' type='hidden' class='gform_hidden'  aria-invalid=\"false\" value='fr' \/><\/li><li id='field_2_9'  class='gfield gform_validation_container field_sublabel_below field_description_below gfield_visibility_visible' ><label class='gfield_label' for='input_2_9' >Name<\/label><div class='ginput_container'><input name='input_9' id='input_2_9' type='text' value='' \/><\/div><div class='gfield_description'>Ce champ n\u2019est utilis\u00e9 qu\u2019\u00e0 des fins de validation et devrait rester inchang\u00e9.<\/div><\/li>\n                            <\/ul><\/div>\n        <div class='gform_footer top_label'> <input type='submit' id='gform_submit_button_2' class='gform_button button' value='Soumettre' tabindex='1' onclick='if(window[\"gf_submitting_2\"]){return false;}  window[\"gf_submitting_2\"]=true;  ' onkeypress='if( event.keyCode == 13 ){ if(window[\"gf_submitting_2\"]){return false;} window[\"gf_submitting_2\"]=true;  jQuery(\"#gform_2\").trigger(\"submit\",[true]); }' \/> \n            <input type='hidden' class='gform_hidden' name='is_submit_2' value='1' \/>\n            <input type='hidden' class='gform_hidden' name='gform_submit' value='2' \/>\n            \n            <input type='hidden' class='gform_hidden' name='gform_unique_id' value='' \/>\n            <input type='hidden' class='gform_hidden' name='state_2' value='WyJbXSIsIjM4NjY0ZDA3YWY3ZWJkNmRhNDY5YzIxZTc0NzAzZTg0Il0=' \/>\n            <input type='hidden' class='gform_hidden' name='gform_target_page_number_2' id='gform_target_page_number_2' value='0' \/>\n            <input type='hidden' class='gform_hidden' name='gform_source_page_number_2' id='gform_source_page_number_2' value='1' \/>\n            <input type='hidden' name='gform_field_values' value='' \/>\n            \n        <\/div>\n                        <\/form>\n                        <\/div><script type='text\/javascript'> if(typeof gf_global == 'undefined') var gf_global = {\"gf_currency_config\":{\"name\":\"Dollar canadien\",\"symbol_left\":\"$\",\"symbol_right\":\"CAD\",\"symbol_padding\":\" \",\"thousand_separator\":\",\",\"decimal_separator\":\".\",\"decimals\":2},\"base_url\":\"https:\\\/\\\/www.pmc.ca\\\/wp-content\\\/plugins\\\/gravityforms\",\"number_formats\":[],\"spinnerUrl\":\"https:\\\/\\\/www.pmc.ca\\\/wp-content\\\/plugins\\\/gravityforms\\\/images\\\/spinner.gif\"};jQuery(document).bind('gform_post_render', function(event, formId, currentPage){if(formId == 2) {} } );jQuery(document).bind('gform_post_conditional_logic', function(event, formId, fields, isInit){} );<\/script><script type='text\/javascript'> jQuery(document).ready(function(){jQuery(document).trigger('gform_post_render', [2, 1]) } ); <\/script>[\/vc_column][\/vc_row][vc_row css=\u00a0\u00bb.vc_custom_1534261740236{padding-top: 20px !important;}\u00a0\u00bb][vc_column css=\u00a0\u00bb.vc_custom_1534514330050{padding-bottom: 45px !important;}\u00a0\u00bb]<style type=\"text\/css\" data-type=\"the7_shortcodes-inline-css\">.dt-shortcode-soc-icons.soc-icons-1 a {\n  margin-right: 4px;\n}\n.dt-shortcode-soc-icons a.soc-icons-1 {\n  min-width: ;\n  min-height: ;\n  font-size: ;\n  border-radius: ;\n  margin-right: 4px;\n}\n.dt-shortcode-soc-icons a.soc-icons-1:last-child {\n  margin-right: 0;\n}\n.dt-shortcode-soc-icons a.soc-icons-1:before,\n.dt-shortcode-soc-icons a.soc-icons-1:after {\n  min-width: ;\n  min-height: ;\n  padding: inherit;\n}\n.dt-shortcode-soc-icons a.soc-icons-1:before {\n  border:  solid ;\n}\n.dt-shortcode-soc-icons a.soc-icons-1:after {\n  border:  solid ;\n}\n.dt-shortcode-soc-icons a.soc-icons-1:hover {\n  font-size: ;\n}\n.dt-shortcode-soc-icons a.soc-icons-1 .soc-font-icon {\n  font-size: ;\n}\n.dt-shortcode-soc-icons.single-soc-icon-1 a {\n  margin-right: ;\n}\n.dt-shortcode-soc-icons a.single-soc-icon-1 {\n  min-width: 40px;\n  min-height: 40px;\n  font-size: 20px;\n  border-radius: 100px;\n  margin-right: ;\n}\n.dt-shortcode-soc-icons a.single-soc-icon-1:last-child {\n  margin-right: 0;\n}\n.dt-shortcode-soc-icons a.single-soc-icon-1:before,\n.dt-shortcode-soc-icons a.single-soc-icon-1:after {\n  min-width: 40px;\n  min-height: 40px;\n  padding: inherit;\n}\n#page .dt-shortcode-soc-icons a.single-soc-icon-1.dt-icon-bg-on:before,\n#phantom .dt-shortcode-soc-icons a.single-soc-icon-1.dt-icon-bg-on:before {\n  background: rgba(51,51,51,0.08);\n}\n.dt-shortcode-soc-icons a.single-soc-icon-1:before {\n  border: 0px solid ;\n}\n.dt-shortcode-soc-icons a.single-soc-icon-1:after {\n  border: 0px solid ;\n}\n.dt-shortcode-soc-icons a.single-soc-icon-1:hover {\n  font-size: 20px;\n}\n#page .dt-shortcode-soc-icons a.single-soc-icon-1:hover .soc-font-icon,\n#phantom .dt-shortcode-soc-icons a.single-soc-icon-1:hover .soc-font-icon {\n  color: #ffffff;\n  -webkit-text-fill-color: #ffffff;\n  background: none;\n}\n.dt-shortcode-soc-icons a.single-soc-icon-1 .soc-font-icon {\n  font-size: 20px;\n}\n.dt-shortcode-soc-icons.single-soc-icon-2 a {\n  margin-right: ;\n}\n.dt-shortcode-soc-icons a.single-soc-icon-2 {\n  min-width: 40px;\n  min-height: 40px;\n  font-size: 20px;\n  border-radius: 100px;\n  margin-right: ;\n}\n.dt-shortcode-soc-icons a.single-soc-icon-2:last-child {\n  margin-right: 0;\n}\n.dt-shortcode-soc-icons a.single-soc-icon-2:before,\n.dt-shortcode-soc-icons a.single-soc-icon-2:after {\n  min-width: 40px;\n  min-height: 40px;\n  padding: inherit;\n}\n#page .dt-shortcode-soc-icons a.single-soc-icon-2.dt-icon-bg-on:before,\n#phantom .dt-shortcode-soc-icons a.single-soc-icon-2.dt-icon-bg-on:before {\n  background: rgba(51,51,51,0.08);\n}\n.dt-shortcode-soc-icons a.single-soc-icon-2:before {\n  border: 0px solid ;\n}\n.dt-shortcode-soc-icons a.single-soc-icon-2:after {\n  border: 0px solid ;\n}\n.dt-shortcode-soc-icons a.single-soc-icon-2:hover {\n  font-size: 20px;\n}\n#page .dt-shortcode-soc-icons a.single-soc-icon-2:hover .soc-font-icon,\n#phantom .dt-shortcode-soc-icons a.single-soc-icon-2:hover .soc-font-icon {\n  color: #ffffff;\n  -webkit-text-fill-color: #ffffff;\n  background: none;\n}\n.dt-shortcode-soc-icons a.single-soc-icon-2 .soc-font-icon {\n  font-size: 20px;\n}\n.dt-shortcode-soc-icons.single-soc-icon-3 a {\n  margin-right: ;\n}\n.dt-shortcode-soc-icons a.single-soc-icon-3 {\n  min-width: 40px;\n  min-height: 40px;\n  font-size: 20px;\n  border-radius: 100px;\n  margin-right: ;\n}\n.dt-shortcode-soc-icons a.single-soc-icon-3:last-child {\n  margin-right: 0;\n}\n.dt-shortcode-soc-icons a.single-soc-icon-3:before,\n.dt-shortcode-soc-icons a.single-soc-icon-3:after {\n  min-width: 40px;\n  min-height: 40px;\n  padding: inherit;\n}\n#page .dt-shortcode-soc-icons a.single-soc-icon-3.dt-icon-bg-on:before,\n#phantom .dt-shortcode-soc-icons a.single-soc-icon-3.dt-icon-bg-on:before {\n  background: rgba(51,51,51,0.08);\n}\n.dt-shortcode-soc-icons a.single-soc-icon-3:before {\n  border: 0px solid ;\n}\n.dt-shortcode-soc-icons a.single-soc-icon-3:after {\n  border: 0px solid ;\n}\n.dt-shortcode-soc-icons a.single-soc-icon-3:hover {\n  font-size: 20px;\n}\n#page .dt-shortcode-soc-icons a.single-soc-icon-3:hover .soc-font-icon,\n#phantom .dt-shortcode-soc-icons a.single-soc-icon-3:hover .soc-font-icon {\n  color: #ffffff;\n  -webkit-text-fill-color: #ffffff;\n  background: none;\n}\n.dt-shortcode-soc-icons a.single-soc-icon-3 .soc-font-icon {\n  font-size: 20px;\n}\n<\/style><div class=\"dt-shortcode-soc-icons soc-icons-1 soc-icons-center  vc_custom_1534514292721\" ><a title=\"LinkedIn\" href=\"https:\/\/www.linkedin.com\/company\/pmc-project-management-centre\/\"  target=\"_blank\"class=\"linkedin single-soc-icon-1 dt-icon-bg-on dt-icon-hover-bg-on  vc_custom_1534778478591 \" ><i class=\"soc-font-icon dt-icon-linkedin\"><\/i><span class=\"screen-reader-text\">LinkedIn<\/span><\/a><a title=\"Twitter\" href=\"https:\/\/twitter.com\/projectmanctr?lang=en\"  target=\"_blank\"class=\"twitter single-soc-icon-2 dt-icon-bg-on dt-icon-hover-bg-on  vc_custom_1534778503111 \" ><i class=\"soc-font-icon dt-icon-twitter\"><\/i><span class=\"screen-reader-text\">Twitter<\/span><\/a><a title=\"Facebook\" href=\"https:\/\/www.facebook.com\/project.management.centre\"  target=\"_blank\"class=\"facebook single-soc-icon-3 dt-icon-bg-on dt-icon-hover-bg-on  vc_custom_1534778524302 \" ><i class=\"soc-font-icon dt-icon-facebook\"><\/i><span class=\"screen-reader-text\">Facebook<\/span><\/a><\/div>[\/vc_column][\/vc_row]<\/p>\n","protected":false},"excerpt":{"rendered":"<p>[vc_row equal_height=\u00a0\u00bbyes\u00a0\u00bb type=\u00a0\u00bbvc_default\u00a0\u00bb css=\u00a0\u00bb.vc_custom_1534261827919{margin-top: 30px !important;padding-bottom: 10px !important;}\u00a0\u00bb][vc_column css=\u00a0\u00bb.vc_custom_1496400228060{margin-right: 25px !important;margin-bottom: 50px !important;margin-left: 25px !important;padding-top: 35px !important;padding-right: 30px !important;padding-bottom: 30px !important;padding-left: 30px !important;background-color: rgba(170,170,170,0.1) !important;*background-color: rgb(170,170,170) !important;}\u00a0\u00bb offset=\u00a0\u00bbvc_col-lg-offset-0 vc_col-lg-6 vc_col-md-offset-0 vc_col-md-6 vc_col-sm-offset-0&Prime;][vc_raw_html]JTNDaWZyYW1lJTIwc3JjJTNEJTIyaHR0cHMlM0ElMkYlMkZ3d3cuZ29vZ2xlLmNvbSUyRm1hcHMlMkZlbWJlZCUzRnBiJTNEJTIxMW0xNCUyMTFtOCUyMTFtMyUyMTFkMTExOTIuMjI2NzY0NjkxNzMlMjEyZC03My41NDQ5OTA4JTIxM2Q0NS40Njg2NjE5JTIxM20yJTIxMWkxMDI0JTIxMmk3NjglMjE0ZjEzLjElMjEzbTMlMjExbTIlMjExczB4MCUyNTNBMHg1YmU0MWRiMmU2NTg5ZDljJTIxMnNQTUMlMjUyMC0lMjUyMFByb2plY3QlMjUyME1hbmFnZW1lbnQlMjUyMENlbnRyZSUyMTVlMCUyMTNtMiUyMTFzZnIlMjEyc2NhJTIxNHYxNTg1OTM2MjAzMTYxJTIxNW0yJTIxMXNmciUyMTJzY2ElMjIlMjB3aWR0aCUzRCUyMjYwMCUyMiUyMGhlaWdodCUzRCUyMjQ1MCUyMiUyMGZyYW1lYm9yZGVyJTNEJTIyMCUyMiUyMHN0eWxlJTNEJTIyYm9yZGVyJTNBMCUzQiUyMiUyMGFsbG93ZnVsbHNjcmVlbiUzRCUyMiUyMiUyMGFyaWEtaGlkZGVuJTNEJTIyZmFsc2UlMjIlMjB0YWJpbmRleCUzRCUyMjAlMjIlM0UlM0MlMkZpZnJhbWUlM0U=[\/vc_raw_html][\/vc_column][vc_column css=\u00a0\u00bb.vc_custom_1534261271449{margin-right: 25px !important;margin-bottom: 50px !important;margin-left: 25px !important;padding-top: 35px !important;padding-right: 30px !important;padding-bottom: 15px !important;padding-left: 30px !important;background-color: rgba(170,170,170,0.1) !important;*background-color: rgb(170,170,170) !important;}\u00a0\u00bb offset=\u00a0\u00bbvc_col-lg-6 vc_col-md-6&Prime;][\/vc_column][\/vc_row][vc_row css=\u00a0\u00bb.vc_custom_1534261740236{padding-top: 20px&hellip;<\/p>\n","protected":false},"author":1,"featured_media":0,"parent":0,"menu_order":10,"comment_status":"closed","ping_status":"closed","template":"","meta":[],"class_list":["post-53524","page","type-page","status-publish","hentry","description-off"],"_links":{"self":[{"href":"https:\/\/www.pmc.ca\/fr\/wp-json\/wp\/v2\/pages\/53524","targetHints":{"allow":["GET"]}}],"collection":[{"href":"https:\/\/www.pmc.ca\/fr\/wp-json\/wp\/v2\/pages"}],"about":[{"href":"https:\/\/www.pmc.ca\/fr\/wp-json\/wp\/v2\/types\/page"}],"author":[{"embeddable":true,"href":"https:\/\/www.pmc.ca\/fr\/wp-json\/wp\/v2\/users\/1"}],"replies":[{"embeddable":true,"href":"https:\/\/www.pmc.ca\/fr\/wp-json\/wp\/v2\/comments?post=53524"}],"version-history":[{"count":22,"href":"https:\/\/www.pmc.ca\/fr\/wp-json\/wp\/v2\/pages\/53524\/revisions"}],"predecessor-version":[{"id":55653,"href":"https:\/\/www.pmc.ca\/fr\/wp-json\/wp\/v2\/pages\/53524\/revisions\/55653"}],"wp:attachment":[{"href":"https:\/\/www.pmc.ca\/fr\/wp-json\/wp\/v2\/media?parent=53524"}],"curies":[{"name":"wp","href":"https:\/\/api.w.org\/{rel}","templated":true}]}}