{"id":53518,"date":"2018-07-04T15:29:57","date_gmt":"2018-07-04T15:29:57","guid":{"rendered":"https:\/\/www.pmc.ca\/projet-classique\/"},"modified":"2024-11-04T21:08:20","modified_gmt":"2024-11-04T21:08:20","slug":"projet-waterfall","status":"publish","type":"page","link":"https:\/\/www.pmc.ca\/fr\/consultation-en-gestion-de-projet\/projet-waterfall\/","title":{"rendered":"Consultation &#8211; Gestion de projet en Cascade"},"content":{"rendered":"<p>[vc_row equal_height=\u00a0\u00bbyes\u00a0\u00bb content_placement=\u00a0\u00bbtop\u00a0\u00bb margin_top=\u00a0\u00bb5&Prime; margin_bottom=\u00a0\u00bb10&Prime; type=\u00a0\u00bbvc_default\u00a0\u00bb css=\u00a0\u00bb.vc_custom_1681305479863{padding-top: 70px !important;padding-bottom: 25px !important;}\u00a0\u00bb][vc_column width=\u00a0\u00bb1\/3&Prime; offset=\u00a0\u00bbvc_col-lg-6 vc_col-md-6 vc_col-xs-12&Prime; css=\u00a0\u00bb.vc_custom_1527489340364{padding-bottom: 36px !important;}\u00a0\u00bb]<div id=\"ultimate-heading-97569e5a3a092889\" class=\"uvc-heading ult-adjust-bottom-margin ultimate-heading-97569e5a3a092889 uvc-9762 color-title\" data-hspacer=\"no_spacer\"  data-halign=\"left\" style=\"text-align:left\"><div class=\"uvc-heading-spacer no_spacer\" style=\"top\"><\/div><div class=\"uvc-main-heading ult-responsive\"  data-ultimate-target='.uvc-heading.ultimate-heading-97569e5a3a092889 h2'  data-responsive-json-new='{\"font-size\":\"desktop:26px;\",\"line-height\":\"desktop:36px;\"}' ><h2 style=\"font-weight:bold;margin-bottom:25px;\">Une gestion de projet en Cascade traditionnelle suit une approche pr\u00e9dictive qui repose sur l'\u00e9laboration d'un plan afin de livrer les projets de mani\u00e8re structur\u00e9e, contr\u00f4l\u00e9e et \u00e9chelonn\u00e9e. La gestion de projet en cascade est surtout appliqu\u00e9e dans les milieux de travail aux exigences et priorit\u00e9s stables.<\/h2><\/div><\/div>[vc_column_text]<span style=\"font-weight: 400;\">Elle est g\u00e9n\u00e9ralement utilis\u00e9e dans les projets d\u2019infrastructure, d\u2019ing\u00e9nierie, de construction et de fabrication, mais aussi dans d\u2019autres industries telles que les t\u00e9l\u00e9communications et le d\u00e9veloppement de produit. <\/span><\/p>\n<p><span style=\"font-weight: 400;\"><strong>Vous \u00eates gestionnaire et vous souhaitez mettre en place une m\u00e9thode de gestion de projet en cascade au sein de votre \u00e9quipe?<\/strong><br \/>\nPMC peut vous aider \u00e0 d\u00e9velopper, adopter, adapter et mettre \u00e0 l&rsquo;\u00e9chelle les meilleures pratiques pour la planification de projet, la port\u00e9e, l\u2019\u00e9ch\u00e9ancier, la gestion des co\u00fbts et des risques, le leadership et les communications du projet, et plus encore.<\/span> <span style=\"font-weight: 400;\">Nous fournissons \u00e9galement des services d&rsquo;augmentation de personnel par l\u2019interm\u00e9diaire de gestionnaires de projets contractuels, de planificateurs, et d\u2019agents de contr\u00f4le de projet (PCO). Tous nos consultants sont certifi\u00e9s et exp\u00e9riment\u00e9s dans les outils de gestion de projets couramment utilis\u00e9s, y compris <\/span><b>Oracle Primavera P6<\/b><span style=\"font-weight: 400;\">\u00a0Et\u00a0<\/span><b>Microsoft Project.<\/b>[\/vc_column_text][\/vc_column][vc_column width=\u00a0\u00bb1\/3&Prime; offset=\u00a0\u00bbvc_col-lg-6 vc_col-md-6 vc_col-xs-12&Prime; css=\u00a0\u00bb.vc_custom_1476026676448{padding-bottom: 50px !important;}\u00a0\u00bb][vc_single_image image=\u00a0\u00bb53319&Prime; img_size=\u00a0\u00bb900&#215;700&Prime; css=\u00a0\u00bb.vc_custom_1529767769958{padding-right: 20px !important;padding-left: 20px !important;}\u00a0\u00bb][\/vc_column][\/vc_row][vc_row equal_height=\u00a0\u00bbyes\u00a0\u00bb content_placement=\u00a0\u00bbtop\u00a0\u00bb margin_top=\u00a0\u00bb5&Prime; margin_bottom=\u00a0\u00bb10&Prime; type=\u00a0\u00bbvc_default\u00a0\u00bb css=\u00a0\u00bb.vc_custom_1681305427072{padding-top: 70px !important;padding-bottom: 25px !important;}\u00a0\u00bb][vc_column width=\u00a0\u00bb1\/3&Prime; offset=\u00a0\u00bbvc_col-lg-6 vc_col-md-6 vc_col-xs-12&Prime; css=\u00a0\u00bb.vc_custom_1527489340364{padding-bottom: 36px !important;}\u00a0\u00bb][vc_single_image image=\u00a0\u00bb53406&Prime; img_size=\u00a0\u00bb900&#215;700&Prime; css=\u00a0\u00bb.vc_custom_1535723829806{padding-right: 20px !important;padding-left: 20px !important;}\u00a0\u00bb][\/vc_column][vc_column width=\u00a0\u00bb1\/3&Prime; offset=\u00a0\u00bbvc_col-lg-6 vc_col-md-6 vc_col-xs-12&Prime; css=\u00a0\u00bb.vc_custom_1476026676448{padding-bottom: 50px !important;}\u00a0\u00bb]<div id=\"ultimate-heading-704369e5a3a0930a6\" class=\"uvc-heading ult-adjust-bottom-margin ultimate-heading-704369e5a3a0930a6 uvc-1060 color-title\" data-hspacer=\"no_spacer\"  data-halign=\"left\" style=\"text-align:left\"><div class=\"uvc-heading-spacer no_spacer\" style=\"top\"><\/div><div class=\"uvc-main-heading ult-responsive\"  data-ultimate-target='.uvc-heading.ultimate-heading-704369e5a3a0930a6 h2'  data-responsive-json-new='{\"font-size\":\"desktop:26px;\",\"line-height\":\"desktop:36px;\"}' ><h2 style=\"font-weight:bold;margin-bottom:25px;\">\u00c9valuation des comp\u00e9tences et de la maturit\u00e9 au sein de votre organisation<\/h2><\/div><\/div>[vc_column_text]<span style=\"font-weight: 400;\">PMC effectuera une analyse d\u00e9taill\u00e9e de vos processus, de votre personnel et de vos exigences pour \u00e9valuer l&rsquo;environnement dans lequel vos projets sont r\u00e9alis\u00e9s. Cette \u00e9valuation fournira une vue d&rsquo;ensemble de votre organisation, ce qui nous permettra d&rsquo;identifier comment toutes les composantes de votre entreprise fonctionnent conjointement, et quels domaines devraient \u00eatre am\u00e9lior\u00e9s. Sur la base des r\u00e9sultats de notre \u00e9valuation, nous allons cr\u00e9er un plan qui maximisera vos ressources et vous aidera \u00e0 obtenir les meilleurs r\u00e9sultats possibles.<\/span><\/p>\n<p><b>Mise en \u0153uvre du PMO<\/b><span style=\"font-weight: 400;\"> : <\/span><\/p>\n<p><span style=\"font-weight: 400;\">Nous pouvons soutenir votre effort de mise en \u0153uvre du PMO. Que ce soit pour :<\/span><\/p>\n<ul>\n<li style=\"font-weight: 400;\"><span style=\"font-weight: 400;\">Aider \u00e0 d\u00e9finir son r\u00f4le et ses responsabilit\u00e9s<\/span><\/li>\n<li style=\"font-weight: 400;\"><span style=\"font-weight: 400;\">D\u00e9finir sa structure de rapports et s&rsquo;int\u00e9grer dans la hi\u00e9rarchie de l&rsquo;entreprise<\/span><\/li>\n<li style=\"font-weight: 400;\"><span style=\"font-weight: 400;\">Aligner ses objectifs sur les strat\u00e9gies globales de l&rsquo;entreprise<\/span><\/li>\n<li style=\"font-weight: 400;\"><span style=\"font-weight: 400;\">Encadrer son personnel avec ses nouveaux r\u00f4les et responsabilit\u00e9s<\/span><\/li>\n<\/ul>\n<p><span style=\"font-weight: 400;\">Contactez-nous et l\u2019un de nos consultants seniors examinera vos besoins et vous aidera \u00e0 \u00e9tablir une feuille de route vers le succ\u00e8s.<\/span><\/p>\n<p><span style=\"font-weight: 400;\"><strong>Veuillez prendre en compte que nos services s&rsquo;adressent uniquement aux organisations et non aux particuliers.<\/strong><\/span>[\/vc_column_text][vc_row_inner content_placement=\u00a0\u00bbmiddle\u00a0\u00bb css=\u00a0\u00bb.vc_custom_1681305602707{margin-top: 20px !important;padding-top: 5px !important;}\u00a0\u00bb][vc_column_inner width=\u00a0\u00bb1\/2&Prime;]<style type=\"text\/css\" data-type=\"the7_shortcodes-inline-css\">#default-btn-3:not(:hover) {\n  background: #ffffff !important;\n  color: #0d76a6;\n  -webkit-text-fill-color: #0d76a6;\n}\n#default-btn-3:not(:hover) * {\n  color: #0d76a6;\n  -webkit-text-fill-color: #0d76a6;\n}\n.btn-3d #default-btn-3:not(:hover) {\n  border-bottom-color: #e0e0e0;\n}\n#default-btn-3:hover {\n  background: #1c2d68 !important;\n  color: #ffffff;\n  -webkit-text-fill-color: #ffffff;\n}\n#default-btn-3:hover * {\n  color: #ffffff;\n  -webkit-text-fill-color: #ffffff;\n}\n.btn-3d #default-btn-3:hover {\n  border-bottom-color: #161c31;\n}\n<\/style><div class=\"btn-align-center\"><a href=\"https:\/\/www.pmc.ca\/fr\/nous-joindre\/\" class=\"default-btn-shortcode dt-btn dt-btn-m full-width-btn \" id=\"default-btn-1\"><span>Demandez une consultation<\/span><\/a><\/div>[\/vc_column_inner][vc_column_inner width=\u00a0\u00bb1\/2&Prime;]<div class=\"btn-align-center\"><a href=\"https:\/\/www.pmc.ca\/fr\/formations\/formation-waterfall\/\" class=\"default-btn-shortcode dt-btn dt-btn-m full-width-btn \" id=\"default-btn-2\"><span>Voir<br \/>\nnos formations<\/span><\/a><\/div>[\/vc_column_inner][\/vc_row_inner][\/vc_column][\/vc_row][vc_row full_width=\u00a0\u00bbstretch_row_content\u00a0\u00bb equal_height=\u00a0\u00bbyes\u00a0\u00bb bg_type=\u00a0\u00bbgrad\u00a0\u00bb type=\u00a0\u00bbvc_default\u00a0\u00bb css=\u00a0\u00bb.vc_custom_1528394186241{padding-top: 30px !important;}\u00a0\u00bb bg_grad=\u00a0\u00bbbackground: -webkit-gradient(linear, left top, left bottom, color-stop(0%, #1C2D68), color-stop(2%, #003D76), color-stop(60%, #0D76A6));background: -moz-linear-gradient(60deg,#1C2D68 0%,#003D76 2%,#0D76A6 60%);background: -webkit-linear-gradient(60deg,#1C2D68 0%,#003D76 2%,#0D76A6 60%);background: -o-linear-gradient(60deg,#1C2D68 0%,#003D76 2%,#0D76A6 60%);background: -ms-linear-gradient(60deg,#1C2D68 0%,#003D76 2%,#0D76A6 60%);background: linear-gradient(60deg,#1C2D68 0%,#003D76 2%,#0D76A6 60%);\u00a0\u00bb][vc_column offset=\u00a0\u00bbvc_col-lg-offset-3 vc_col-lg-6 vc_col-md-offset-0 vc_col-md-12&Prime; css=\u00a0\u00bb.vc_custom_1527753660834{padding-top: 60px !important;padding-bottom: 80px !important;}\u00a0\u00bb]<div id=\"ultimate-heading-289669e5a3a097d9f\" class=\"uvc-heading ult-adjust-bottom-margin ultimate-heading-289669e5a3a097d9f uvc-8247 \" data-hspacer=\"no_spacer\"  data-halign=\"center\" style=\"text-align:center\"><div class=\"uvc-heading-spacer no_spacer\" style=\"top\"><\/div><div class=\"uvc-main-heading ult-responsive\"  data-ultimate-target='.uvc-heading.ultimate-heading-289669e5a3a097d9f h2'  data-responsive-json-new='{\"font-size\":\"desktop:46px;mobile_landscape:30px;\",\"line-height\":\"desktop:56px;mobile_landscape:40px;\"}' ><h2 style=\"font-weight:bold;color:#ffffff;margin-bottom:40px;\">Contactez-nous d\u00e8s aujourd'hui<\/h2><\/div><\/div><div class=\"btn-align-center\"><a href=\"https:\/\/www.pmc.ca\/fr\/nous-joindre\/\" class=\"default-btn-shortcode dt-btn dt-btn-l \" id=\"default-btn-3\"><span>Contactez-nous<\/span><\/a><\/div>[\/vc_column][\/vc_row]<\/p>\n","protected":false},"excerpt":{"rendered":"<p>[vc_row equal_height=\u00a0\u00bbyes\u00a0\u00bb content_placement=\u00a0\u00bbtop\u00a0\u00bb margin_top=\u00a0\u00bb5&Prime; margin_bottom=\u00a0\u00bb10&Prime; type=\u00a0\u00bbvc_default\u00a0\u00bb css=\u00a0\u00bb.vc_custom_1681305479863{padding-top: 70px !important;padding-bottom: 25px !important;}\u00a0\u00bb][vc_column width=\u00a0\u00bb1\/3&Prime; offset=\u00a0\u00bbvc_col-lg-6 vc_col-md-6 vc_col-xs-12&Prime; css=\u00a0\u00bb.vc_custom_1527489340364{padding-bottom: 36px !important;}\u00a0\u00bb][vc_column_text]Elle est g\u00e9n\u00e9ralement utilis\u00e9e dans les projets d\u2019infrastructure, d\u2019ing\u00e9nierie, de construction et de fabrication, mais aussi dans d\u2019autres industries telles que les t\u00e9l\u00e9communications et le d\u00e9veloppement de produit. Vous \u00eates gestionnaire et vous souhaitez mettre en place une&hellip;<\/p>\n","protected":false},"author":1,"featured_media":0,"parent":53668,"menu_order":510,"comment_status":"closed","ping_status":"closed","template":"","meta":[],"class_list":["post-53518","page","type-page","status-publish","hentry","description-off"],"_links":{"self":[{"href":"https:\/\/www.pmc.ca\/fr\/wp-json\/wp\/v2\/pages\/53518","targetHints":{"allow":["GET"]}}],"collection":[{"href":"https:\/\/www.pmc.ca\/fr\/wp-json\/wp\/v2\/pages"}],"about":[{"href":"https:\/\/www.pmc.ca\/fr\/wp-json\/wp\/v2\/types\/page"}],"author":[{"embeddable":true,"href":"https:\/\/www.pmc.ca\/fr\/wp-json\/wp\/v2\/users\/1"}],"replies":[{"embeddable":true,"href":"https:\/\/www.pmc.ca\/fr\/wp-json\/wp\/v2\/comments?post=53518"}],"version-history":[{"count":34,"href":"https:\/\/www.pmc.ca\/fr\/wp-json\/wp\/v2\/pages\/53518\/revisions"}],"predecessor-version":[{"id":57270,"href":"https:\/\/www.pmc.ca\/fr\/wp-json\/wp\/v2\/pages\/53518\/revisions\/57270"}],"up":[{"embeddable":true,"href":"https:\/\/www.pmc.ca\/fr\/wp-json\/wp\/v2\/pages\/53668"}],"wp:attachment":[{"href":"https:\/\/www.pmc.ca\/fr\/wp-json\/wp\/v2\/media?parent=53518"}],"curies":[{"name":"wp","href":"https:\/\/api.w.org\/{rel}","templated":true}]}}