{"id":53356,"date":"2018-07-03T22:21:30","date_gmt":"2018-07-03T22:21:30","guid":{"rendered":"https:\/\/www.pmc.ca\/agile\/"},"modified":"2024-11-04T20:49:27","modified_gmt":"2024-11-04T20:49:27","slug":"agile","status":"publish","type":"page","link":"https:\/\/www.pmc.ca\/fr\/consultation-en-gestion-de-projet\/agile\/","title":{"rendered":"Consultation &#8211; Gestion de projet Agile"},"content":{"rendered":"<p>[vc_row equal_height=\u00a0\u00bbyes\u00a0\u00bb content_placement=\u00a0\u00bbmiddle\u00a0\u00bb margin_top=\u00a0\u00bb5&Prime; margin_bottom=\u00a0\u00bb10&Prime; type=\u00a0\u00bbvc_default\u00a0\u00bb css=\u00a0\u00bb.vc_custom_1534361944630{padding-top: 80px !important;padding-bottom: 80px !important;}\u00a0\u00bb][vc_column width=\u00a0\u00bb1\/3&Prime; offset=\u00a0\u00bbvc_col-lg-6 vc_col-md-6 vc_col-xs-12&Prime;]<div id=\"ultimate-heading-71326a05092e5cddb\" class=\"uvc-heading ult-adjust-bottom-margin ultimate-heading-71326a05092e5cddb uvc-5447 color-title\" data-hspacer=\"no_spacer\"  data-halign=\"left\" style=\"text-align:left\"><div class=\"uvc-heading-spacer no_spacer\" style=\"top\"><\/div><div class=\"uvc-main-heading ult-responsive\"  data-ultimate-target='.uvc-heading.ultimate-heading-71326a05092e5cddb h2'  data-responsive-json-new='{\"font-size\":\"desktop:26px;\",\"line-height\":\"desktop:36px;\"}' ><h2 style=\"font-weight:bold;margin-bottom:25px;\">PMC peut vous aider \u00e0 mettre en \u0153uvre les approches de gestion de projet Agile dans votre organisation.<\/h2><\/div><\/div>[vc_column_text css=\u00a0\u00bb.vc_custom_1730753062009{padding-top: 30px !important;}\u00a0\u00bb]<span style=\"font-weight: 400;\">La gestion de projet Agile repose sur une approche <strong>ax\u00e9e sur la valeur et aux grandes capacit\u00e9s d&rsquo;adaptation<\/strong><\/span><span style=\"font-weight: 400;\">\u00a0pour g\u00e9rer et livrer les projets de mani\u00e8re <strong>it\u00e9rative, incr\u00e9mentielle<\/strong><\/span><b>\u00a0et interactive.<\/b><span style=\"font-weight: 400;\"> Elle est g\u00e9n\u00e9ralement utilis\u00e9e dans les environnements o\u00f9 <strong>les exigences et les priorit\u00e9s sont tr\u00e8s <\/strong><\/span><b>changeantes<\/b><span style=\"font-weight: 400;\">. <\/span><\/p>\n<p><span style=\"font-weight: 400;\"><strong>Vous \u00eates gestionnaire dans une organisation et vous souhaitez mettre en \u0153uvre les approches de gestion de projet au sein de votre \u00e9quipe?<\/strong><br \/>\nLes praticiens et formateurs de PMC exp\u00e9riment\u00e9s dans les approches Agile peuvent vous aider \u00e0 r\u00e9aliser une transformation Agile en \u00e9valuant votre maturit\u00e9 organisationnelle, en s\u00e9lectionnant des outils optimaux et en d\u00e9veloppant, adoptant, adaptant ou mettant \u00e0 l\u2019\u00e9chelle des approches, outils, et techniques Agile, notamment\u00a0: Scrum, Lean, Kanban, XP, SAFe\u00ae, Agile Disciplin\u00e9 et LeSS.<\/span><\/p>\n<p>PMC peut vous aider \u00e0 concevoir une feuille de route dans le but de r\u00e9aliser une transformation Agile dans votre organisation qui saura g\u00e9n\u00e9rer des avantages importants, incluant sans s&rsquo;y restreindre des d\u00e9lais de commercialisation (<em>time-to-market<\/em>, <em>TTM<\/em>) acc\u00e9l\u00e9r\u00e9s, la capacit\u00e9 de g\u00e9rer des exigences et priorit\u00e9s volatiles, l&rsquo;augmentation de la productivit\u00e9 et de l&rsquo;engagement de l&rsquo;\u00e9quipe, une meilleure qualit\u00e9 de solution et la livraison prioritaire de valeurs d&rsquo;affaires aux co\u00fbts et aux risques de projet moins \u00e9lev\u00e9s.[\/vc_column_text][vc_row_inner css=\u00a0\u00bb.vc_custom_1681304977521{margin-top: 20px !important;}\u00a0\u00bb][vc_column_inner width=\u00a0\u00bb1\/2&Prime; css=\u00a0\u00bb.vc_custom_1536165734531{padding-top: 5px !important;}\u00a0\u00bb]<style type=\"text\/css\" data-type=\"the7_shortcodes-inline-css\">#default-btn-3:not(:hover) {\n  background: #ffffff !important;\n  color: #0d76a6;\n  -webkit-text-fill-color: #0d76a6;\n}\n#default-btn-3:not(:hover) * {\n  color: #0d76a6;\n  -webkit-text-fill-color: #0d76a6;\n}\n.btn-3d #default-btn-3:not(:hover) {\n  border-bottom-color: #e0e0e0;\n}\n#default-btn-3:hover {\n  background: #1c2d68 !important;\n  color: #ffffff;\n  -webkit-text-fill-color: #ffffff;\n}\n#default-btn-3:hover * {\n  color: #ffffff;\n  -webkit-text-fill-color: #ffffff;\n}\n.btn-3d #default-btn-3:hover {\n  border-bottom-color: #161c31;\n}\n<\/style><div class=\"btn-align-left\"><a href=\"https:\/\/www.pmc.ca\/fr\/nous-joindre\/\" class=\"default-btn-shortcode dt-btn dt-btn-m full-width-btn \" id=\"default-btn-1\"><span>Demandez une consultation<\/span><\/a><\/div>[\/vc_column_inner][vc_column_inner width=\u00a0\u00bb1\/2&Prime;]<div class=\"btn-align-left\"><a href=\"https:\/\/www.pmc.ca\/fr\/formations\/gestion-de-projet-agile\/\" class=\"default-btn-shortcode dt-btn dt-btn-m full-width-btn  vc_custom_1536177168369\" id=\"default-btn-2\"><span>D\u00e9couvrez nos<br \/>\nformations<\/span><\/a><\/div>[\/vc_column_inner][\/vc_row_inner][\/vc_column][vc_column width=\u00a0\u00bb1\/3&Prime; offset=\u00a0\u00bbvc_col-lg-6 vc_col-md-6 vc_col-xs-12&Prime; css=\u00a0\u00bb.vc_custom_1571944283600{padding-top: 5px !important;}\u00a0\u00bb][vc_single_image image=\u00a0\u00bb53408&Prime; img_size=\u00a0\u00bbfull\u00a0\u00bb alignment=\u00a0\u00bbcenter\u00a0\u00bb css=\u00a0\u00bb.vc_custom_1535726735789{padding-right: 20px !important;padding-left: 20px !important;}\u00a0\u00bb][vc_row_inner css=\u00a0\u00bb.vc_custom_1571933243770{margin-top: 30px !important;margin-right: 20px !important;margin-left: 20px !important;}\u00a0\u00bb][vc_column_inner css=\u00a0\u00bb.vc_custom_1571933226722{padding-top: 20px !important;padding-right: 20px !important;padding-bottom: 20px !important;padding-left: 20px !important;background-color: #f7f7f7 !important;}\u00a0\u00bb]<div id=\"ultimate-heading-95146a05092e5d414\" class=\"uvc-heading ult-adjust-bottom-margin ultimate-heading-95146a05092e5d414 uvc-7391 \" data-hspacer=\"no_spacer\"  data-halign=\"center\" style=\"text-align:center\"><div class=\"uvc-heading-spacer no_spacer\" style=\"top\"><\/div><div class=\"uvc-main-heading ult-responsive\"  data-ultimate-target='.uvc-heading.ultimate-heading-95146a05092e5d414 h2'  data-responsive-json-new='{\"font-size\":\"desktop:24px;\",\"line-height\":\"desktop:40px;\"}' ><h2 style=\"font-family:&#039;Roboto&#039;;font-weight:700;color:#3b3b3b;\">Votre gestion de projet est-elle agile?<\/h2><\/div><\/div>[vc_column_text css=\u00a0\u00bb.vc_custom_1681305937991{margin-bottom: 20px !important;}\u00a0\u00bb]<\/p>\n<p style=\"text-align: center;\">Recevez gratuitement l\u2019analyse et les recommandations personnalis\u00e9es d\u2019un expert de PMC, et am\u00e9liorez la performance de votre entreprise.<\/p>\n<p style=\"text-align: center;\"><strong>Veuillez noter que nos services sont destin\u00e9s aux organisations et non aux particuliers.<\/strong><\/p>\n<p>[\/vc_column_text]<style type=\"text\/css\">#dt-btn-1 {color: #ffffff;background: #f69111;}#dt-btn-1 > .text-wrap * {color: #ffffff;}#dt-btn-1:hover {color: #ffffff;background: #0d76a6;}#dt-btn-1:hover > .text-wrap * {color: #ffffff;}<\/style><div class=\"text-centered\"><a href=\"https:\/\/www.pmc.ca\/fr\/obtenez-une-analyse-gratuite-de-votre-agilite\/\" class=\"btn-shortcode dt-btn-m dt-btn custom-btn-color custom-btn-hover-color\" id=\"dt-btn-1\"><span>En savoir plus<\/span><\/a><\/div>[\/vc_column_inner][\/vc_row_inner][\/vc_column][\/vc_row][vc_row full_width=\u00a0\u00bbstretch_row_content\u00a0\u00bb equal_height=\u00a0\u00bbyes\u00a0\u00bb bg_type=\u00a0\u00bbgrad\u00a0\u00bb type=\u00a0\u00bbvc_default\u00a0\u00bb css=\u00a0\u00bb.vc_custom_1528394186241{padding-top: 30px !important;}\u00a0\u00bb bg_grad=\u00a0\u00bbbackground: -webkit-gradient(linear, left top, left bottom, color-stop(0%, #1C2D68), color-stop(2%, #003D76), color-stop(60%, #0D76A6));background: -moz-linear-gradient(60deg,#1C2D68 0%,#003D76 2%,#0D76A6 60%);background: -webkit-linear-gradient(60deg,#1C2D68 0%,#003D76 2%,#0D76A6 60%);background: -o-linear-gradient(60deg,#1C2D68 0%,#003D76 2%,#0D76A6 60%);background: -ms-linear-gradient(60deg,#1C2D68 0%,#003D76 2%,#0D76A6 60%);background: linear-gradient(60deg,#1C2D68 0%,#003D76 2%,#0D76A6 60%);\u00a0\u00bb][vc_column offset=\u00a0\u00bbvc_col-lg-offset-3 vc_col-lg-6 vc_col-md-offset-0 vc_col-md-12&Prime; css=\u00a0\u00bb.vc_custom_1527753660834{padding-top: 60px !important;padding-bottom: 80px !important;}\u00a0\u00bb]<div id=\"ultimate-heading-66356a05092e5d4c3\" class=\"uvc-heading ult-adjust-bottom-margin ultimate-heading-66356a05092e5d4c3 uvc-571 \" data-hspacer=\"no_spacer\"  data-halign=\"center\" style=\"text-align:center\"><div class=\"uvc-heading-spacer no_spacer\" style=\"top\"><\/div><div class=\"uvc-main-heading ult-responsive\"  data-ultimate-target='.uvc-heading.ultimate-heading-66356a05092e5d4c3 h2'  data-responsive-json-new='{\"font-size\":\"desktop:46px;mobile_landscape:30px;\",\"line-height\":\"desktop:56px;mobile_landscape:40px;\"}' ><h2 style=\"font-weight:bold;color:#ffffff;margin-bottom:40px;\">Contactez-nous aujourd'hui <\/h2><\/div><\/div><div class=\"btn-align-center\"><a href=\"https:\/\/www.pmc.ca\/fr\/nous-joindre\/\" class=\"default-btn-shortcode dt-btn dt-btn-l \" id=\"default-btn-3\"><span>CONTACTEZ-NOUS<\/span><\/a><\/div>[\/vc_column][\/vc_row]<\/p>\n","protected":false},"excerpt":{"rendered":"<p>[vc_row equal_height=\u00a0\u00bbyes\u00a0\u00bb content_placement=\u00a0\u00bbmiddle\u00a0\u00bb margin_top=\u00a0\u00bb5&Prime; margin_bottom=\u00a0\u00bb10&Prime; type=\u00a0\u00bbvc_default\u00a0\u00bb css=\u00a0\u00bb.vc_custom_1534361944630{padding-top: 80px !important;padding-bottom: 80px !important;}\u00a0\u00bb][vc_column width=\u00a0\u00bb1\/3&Prime; offset=\u00a0\u00bbvc_col-lg-6 vc_col-md-6 vc_col-xs-12&Prime;][vc_column_text css=\u00a0\u00bb.vc_custom_1730753062009{padding-top: 30px !important;}\u00a0\u00bb]La gestion de projet Agile repose sur une approche ax\u00e9e sur la valeur et aux grandes capacit\u00e9s d&rsquo;adaptation\u00a0pour g\u00e9rer et livrer les projets de mani\u00e8re it\u00e9rative, incr\u00e9mentielle\u00a0et interactive. Elle est g\u00e9n\u00e9ralement utilis\u00e9e dans les environnements o\u00f9 les exigences&hellip;<\/p>\n","protected":false},"author":1,"featured_media":0,"parent":53668,"menu_order":10,"comment_status":"closed","ping_status":"closed","template":"","meta":[],"class_list":["post-53356","page","type-page","status-publish","hentry","description-off"],"_links":{"self":[{"href":"https:\/\/www.pmc.ca\/fr\/wp-json\/wp\/v2\/pages\/53356","targetHints":{"allow":["GET"]}}],"collection":[{"href":"https:\/\/www.pmc.ca\/fr\/wp-json\/wp\/v2\/pages"}],"about":[{"href":"https:\/\/www.pmc.ca\/fr\/wp-json\/wp\/v2\/types\/page"}],"author":[{"embeddable":true,"href":"https:\/\/www.pmc.ca\/fr\/wp-json\/wp\/v2\/users\/1"}],"replies":[{"embeddable":true,"href":"https:\/\/www.pmc.ca\/fr\/wp-json\/wp\/v2\/comments?post=53356"}],"version-history":[{"count":61,"href":"https:\/\/www.pmc.ca\/fr\/wp-json\/wp\/v2\/pages\/53356\/revisions"}],"predecessor-version":[{"id":57266,"href":"https:\/\/www.pmc.ca\/fr\/wp-json\/wp\/v2\/pages\/53356\/revisions\/57266"}],"up":[{"embeddable":true,"href":"https:\/\/www.pmc.ca\/fr\/wp-json\/wp\/v2\/pages\/53668"}],"wp:attachment":[{"href":"https:\/\/www.pmc.ca\/fr\/wp-json\/wp\/v2\/media?parent=53356"}],"curies":[{"name":"wp","href":"https:\/\/api.w.org\/{rel}","templated":true}]}}