{"id":53349,"date":"2018-07-03T15:55:15","date_gmt":"2018-07-03T15:55:15","guid":{"rendered":"https:\/\/www.pmc.ca\/a-propos\/"},"modified":"2025-12-17T13:54:03","modified_gmt":"2025-12-17T13:54:03","slug":"a-propos","status":"publish","type":"page","link":"https:\/\/www.pmc.ca\/fr\/a-propos\/","title":{"rendered":"\u00c0 propos"},"content":{"rendered":"<p>[vc_row equal_height=\u00a0\u00bbyes\u00a0\u00bb content_placement=\u00a0\u00bbmiddle\u00a0\u00bb margin_top=\u00a0\u00bb5&Prime; margin_bottom=\u00a0\u00bb10&Prime; type=\u00a0\u00bbvc_default\u00a0\u00bb css=\u00a0\u00bb.vc_custom_1476026573339{padding-top: 70px !important;padding-bottom: 25px !important;}\u00a0\u00bb][vc_column offset=\u00a0\u00bbvc_col-lg-6 vc_col-md-6 vc_col-xs-12&Prime; css=\u00a0\u00bb.vc_custom_1527784819313{padding-right: 20px !important;padding-bottom: 50px !important;padding-left: 20px !important;}\u00a0\u00bb][vc_single_image image=\u00a0\u00bb54254&Prime; img_size=\u00a0\u00bb900&#215;700&Prime; css=\u00a0\u00bb.vc_custom_1535727045285{padding-right: 20px !important;padding-left: 20px !important;}\u00a0\u00bb][\/vc_column][vc_column offset=\u00a0\u00bbvc_col-lg-6 vc_col-md-6 vc_col-xs-12&Prime; css=\u00a0\u00bb.vc_custom_1476026676448{padding-bottom: 50px !important;}\u00a0\u00bb]<div id=\"ultimate-heading-3469e5a3ab7b739\" class=\"uvc-heading ult-adjust-bottom-margin ultimate-heading-3469e5a3ab7b739 uvc-2087 color-title\" data-hspacer=\"no_spacer\"  data-halign=\"left\" style=\"text-align:left\"><div class=\"uvc-heading-spacer no_spacer\" style=\"top\"><\/div><div class=\"uvc-main-heading ult-responsive\"  data-ultimate-target='.uvc-heading.ultimate-heading-3469e5a3ab7b739 h2'  data-responsive-json-new='{\"font-size\":\"desktop:30px;\",\"line-height\":\"desktop:40px;\"}' ><h2 style=\"font-weight:bold;margin-bottom:25px;\">Qui sommes-nous?<\/h2><\/div><\/div>[vc_column_text css=\u00a0\u00bb.vc_custom_1730442631363{padding-top: 30px !important;}\u00a0\u00bb]<span style=\"font-weight: 400;\">Depuis 1996, PMC offre \u00e0 ses clients une vaste gamme de services en gestion de projet et de portefeuilles. Nos consultants et formateurs proposent des solutions pratiques et adapt\u00e9es \u00e0 vos besoins sp\u00e9cifiques et \u00e0 votre environnement de travail. Nous sommes sp\u00e9cialis\u00e9s dans l&rsquo;\u00e9valuation, la formation et la mise en \u0153uvre des m\u00e9thodologies de gestion de projet Agiles, Cascade (Waterfall) et Hybrides.\u00a0<\/span>[\/vc_column_text][vc_column_text css=\u00a0\u00bb.vc_custom_1535721529780{padding-top: 30px !important;}\u00a0\u00bb]<\/p>\n<h4>En travaillant avec vous, PMC vous aidera\u00a0\u00e0 livrer des projets de mani\u00e8re plus rapide et efficace pour&#8230;\u00a0<strong><em>\u00abUNE MEILLEURE EXP\u00c9RIENCE DE PROJET\u00bb!<\/em><\/strong><\/h4>\n<p>[\/vc_column_text][\/vc_column][\/vc_row][vc_row full_width=\u00a0\u00bbstretch_row_content\u00a0\u00bb equal_height=\u00a0\u00bbyes\u00a0\u00bb bg_type=\u00a0\u00bbgrad\u00a0\u00bb type=\u00a0\u00bbvc_default\u00a0\u00bb css=\u00a0\u00bb.vc_custom_1528394186241{padding-top: 30px !important;}\u00a0\u00bb bg_grad=\u00a0\u00bbbackground: -webkit-gradient(linear, left top, left bottom, color-stop(0%, #1C2D68), color-stop(2%, #003D76), color-stop(60%, #0D76A6));background: -moz-linear-gradient(60deg,#1C2D68 0%,#003D76 2%,#0D76A6 60%);background: -webkit-linear-gradient(60deg,#1C2D68 0%,#003D76 2%,#0D76A6 60%);background: -o-linear-gradient(60deg,#1C2D68 0%,#003D76 2%,#0D76A6 60%);background: -ms-linear-gradient(60deg,#1C2D68 0%,#003D76 2%,#0D76A6 60%);background: linear-gradient(60deg,#1C2D68 0%,#003D76 2%,#0D76A6 60%);\u00a0\u00bb][vc_column offset=\u00a0\u00bbvc_col-lg-offset-3 vc_col-lg-6 vc_col-md-offset-0 vc_col-md-12&Prime; css=\u00a0\u00bb.vc_custom_1527753660834{padding-top: 60px !important;padding-bottom: 80px !important;}\u00a0\u00bb]<div id=\"ultimate-heading-364269e5a3ab7b794\" class=\"uvc-heading ult-adjust-bottom-margin ultimate-heading-364269e5a3ab7b794 uvc-9441 \" data-hspacer=\"no_spacer\"  data-halign=\"center\" style=\"text-align:center\"><div class=\"uvc-heading-spacer no_spacer\" style=\"top\"><\/div><div class=\"uvc-main-heading ult-responsive\"  data-ultimate-target='.uvc-heading.ultimate-heading-364269e5a3ab7b794 h2'  data-responsive-json-new='{\"font-size\":\"desktop:46px;mobile_landscape:30px;\",\"line-height\":\"desktop:56px;mobile_landscape:40px;\"}' ><h2 style=\"font-weight:bold;color:#ffffff;margin-bottom:40px;\">Contactez-nous d\u00e8s aujourd'hui <\/h2><\/div><\/div><style type=\"text\/css\" data-type=\"the7_shortcodes-inline-css\">#default-btn-1:not(:hover) {\n  background: #ffffff !important;\n  color: #0d76a6;\n  -webkit-text-fill-color: #0d76a6;\n}\n#default-btn-1:not(:hover) * {\n  color: #0d76a6;\n  -webkit-text-fill-color: #0d76a6;\n}\n.btn-3d #default-btn-1:not(:hover) {\n  border-bottom-color: #e0e0e0;\n}\n#default-btn-1:hover {\n  background: #1c2d68 !important;\n  color: #ffffff;\n  -webkit-text-fill-color: #ffffff;\n}\n#default-btn-1:hover * {\n  color: #ffffff;\n  -webkit-text-fill-color: #ffffff;\n}\n.btn-3d #default-btn-1:hover {\n  border-bottom-color: #161c31;\n}\n<\/style><div class=\"btn-align-center\"><a href=\"https:\/\/www.pmc.ca\/fr\/nous-joindre\/\" class=\"default-btn-shortcode dt-btn dt-btn-l \" id=\"default-btn-1\"><span>Contactez-nous<\/span><\/a><\/div>[\/vc_column][\/vc_row]<\/p>\n","protected":false},"excerpt":{"rendered":"<p>[vc_row equal_height=\u00a0\u00bbyes\u00a0\u00bb content_placement=\u00a0\u00bbmiddle\u00a0\u00bb margin_top=\u00a0\u00bb5&Prime; margin_bottom=\u00a0\u00bb10&Prime; type=\u00a0\u00bbvc_default\u00a0\u00bb css=\u00a0\u00bb.vc_custom_1476026573339{padding-top: 70px !important;padding-bottom: 25px !important;}\u00a0\u00bb][vc_column offset=\u00a0\u00bbvc_col-lg-6 vc_col-md-6 vc_col-xs-12&Prime; css=\u00a0\u00bb.vc_custom_1527784819313{padding-right: 20px !important;padding-bottom: 50px !important;padding-left: 20px !important;}\u00a0\u00bb][vc_single_image image=\u00a0\u00bb54254&Prime; img_size=\u00a0\u00bb900&#215;700&Prime; css=\u00a0\u00bb.vc_custom_1535727045285{padding-right: 20px !important;padding-left: 20px !important;}\u00a0\u00bb][\/vc_column][vc_column offset=\u00a0\u00bbvc_col-lg-6 vc_col-md-6 vc_col-xs-12&Prime; css=\u00a0\u00bb.vc_custom_1476026676448{padding-bottom: 50px !important;}\u00a0\u00bb][vc_column_text css=\u00a0\u00bb.vc_custom_1730442631363{padding-top: 30px !important;}\u00a0\u00bb]Depuis 1996, PMC offre \u00e0 ses clients une vaste gamme de services en gestion de projet et de portefeuilles.&hellip;<\/p>\n","protected":false},"author":1,"featured_media":57200,"parent":0,"menu_order":10,"comment_status":"closed","ping_status":"closed","template":"","meta":[],"class_list":["post-53349","page","type-page","status-publish","has-post-thumbnail","hentry","description-off"],"_links":{"self":[{"href":"https:\/\/www.pmc.ca\/fr\/wp-json\/wp\/v2\/pages\/53349","targetHints":{"allow":["GET"]}}],"collection":[{"href":"https:\/\/www.pmc.ca\/fr\/wp-json\/wp\/v2\/pages"}],"about":[{"href":"https:\/\/www.pmc.ca\/fr\/wp-json\/wp\/v2\/types\/page"}],"author":[{"embeddable":true,"href":"https:\/\/www.pmc.ca\/fr\/wp-json\/wp\/v2\/users\/1"}],"replies":[{"embeddable":true,"href":"https:\/\/www.pmc.ca\/fr\/wp-json\/wp\/v2\/comments?post=53349"}],"version-history":[{"count":31,"href":"https:\/\/www.pmc.ca\/fr\/wp-json\/wp\/v2\/pages\/53349\/revisions"}],"predecessor-version":[{"id":57333,"href":"https:\/\/www.pmc.ca\/fr\/wp-json\/wp\/v2\/pages\/53349\/revisions\/57333"}],"wp:featuredmedia":[{"embeddable":true,"href":"https:\/\/www.pmc.ca\/fr\/wp-json\/wp\/v2\/media\/57200"}],"wp:attachment":[{"href":"https:\/\/www.pmc.ca\/fr\/wp-json\/wp\/v2\/media?parent=53349"}],"curies":[{"name":"wp","href":"https:\/\/api.w.org\/{rel}","templated":true}]}}